{"id":76,"date":"2012-10-05T16:27:34","date_gmt":"2012-10-05T19:27:34","guid":{"rendered":"http:\/\/reges.com.br\/realeza\/?page_id=76"},"modified":"2018-10-25T14:56:29","modified_gmt":"2018-10-25T17:56:29","slug":"periodicos-online","status":"publish","type":"page","link":"http:\/\/reges.com.br\/realeza\/periodicos-online\/","title":{"rendered":"Peri\u00f3dicos Online"},"content":{"rendered":"<p><strong>DIREITO<\/strong><\/p>\n<p><strong>Revista Direito P\u00fablico<br \/>\n<\/strong><a href=\"https:\/\/www.portaldeperiodicos.idp.edu.br\/direitopublico\" target=\"_blank\" rel=\"noopener\">https:\/\/www.portaldeperiodicos.idp.edu.br\/direitopublico<\/a><\/p>\n<p><strong>Observat\u00f3rio da Jurisdi\u00e7\u00e3o Constitucional<br \/>\n<\/strong><a href=\"https:\/\/www.portaldeperiodicos.idp.edu.br\/observatorio\" target=\"_blank\" rel=\"noopener\">https:\/\/www.portaldeperiodicos.idp.edu.br\/observatorio<\/a><\/p>\n<p><strong>Caderno Virtual<br \/>\n<\/strong><a href=\"https:\/\/www.portaldeperiodicos.idp.edu.br\/cadernovirtual\" target=\"_blank\" rel=\"noopener\">https:\/\/www.portaldeperiodicos.idp.edu.br\/cadernovirtual<\/a><\/p>\n<p><strong>Revista Brasileira de Direito Animal<br \/>\n<\/strong><a href=\"http:\/\/www.portalseer.ufba.br\/index.php\/RBDA\/issue\/archive\" target=\"_blank\" rel=\"noopener\">http:\/\/www.portalseer.ufba.br\/index.php\/RBDA\/issue\/archive<\/a><\/p>\n<p><strong>Revista Brasileira de Seguran\u00e7a P\u00fablica<br \/>\n<\/strong><a href=\"http:\/\/revista.forumseguranca.org.br\/index.php\/rbsp\/issue\/archive\" target=\"_blank\" rel=\"noopener\">http:\/\/revista.forumseguranca.org.br\/index.php\/rbsp\/issue\/archive<\/a><\/p>\n<p><strong>Revista da Faculdade de Direito da UERJ<br \/>\n<\/strong><a href=\"http:\/\/www.e-publicacoes.uerj.br\/index.php\/rfduerj\/issue\/archive\" target=\"_blank\" rel=\"noopener\">http:\/\/www.e-publicacoes.uerj.br\/index.php\/rfduerj\/issue\/archive<\/a><\/p>\n<p><strong>Revista da Faculdade de Direito do Sul de Minas<br \/>\n<\/strong><a href=\"http:\/\/www.fdsm.edu.br\/site\/revistafdsm2\/index.php?ano=2015\" target=\"_blank\" rel=\"noopener\">http:\/\/www.fdsm.edu.br\/site\/revistafdsm2\/index.php?ano=2015<\/a><\/p>\n<p><strong>Revista da Faculdade de  Direito da UFMG<br \/>\n<\/strong><a href=\"http:\/\/www.direito.ufmg.br\/revista\/index.php\/revista\/issue\/archive\" target=\"_blank\" rel=\"noopener\">http:\/\/www.direito.ufmg.br\/revista\/index.php\/revista\/issue\/archive<\/a><\/p>\n<p><strong>Revista da Faculdade de Direito UFPR<br \/>\n<\/strong><a href=\"http:\/\/revistas.ufpr.br\/direito\/issue\/archive\" target=\"_blank\" rel=\"noopener\">http:\/\/revistas.ufpr.br\/direito\/issue\/archive<\/a><\/p>\n<p><strong>Revista de Direito Brasileira<br \/>\n<\/strong><a href=\"http:\/\/www.rdb.org.br\/ojs\/index.php\/rdb\/issue\/archive\" target=\"_blank\" rel=\"noopener\">http:\/\/www.rdb.org.br\/ojs\/index.php\/rdb\/issue\/archive<\/a><\/p>\n<p><strong>Revista de Direito da Cidade<br \/>\n<\/strong><a href=\"http:\/\/www.e-publicacoes.uerj.br\/index.php\/rdc\/issue\/archive\" target=\"_blank\" rel=\"noopener\">http:\/\/www.e-publicacoes.uerj.br\/index.php\/rdc\/issue\/archive<\/a><\/p>\n<p><strong>Revista de Direito Internacional<br \/>\n<\/strong><a href=\"http:\/\/www.publicacoesacademicas.uniceub.br\/index.php\/rdi\/issue\/archive\" target=\"_blank\" rel=\"noopener\">http:\/\/www.publicacoesacademicas.uniceub.br\/index.php\/rdi\/issue\/archive<\/a><\/p>\n<p><strong>Revista de Informa\u00e7\u00e3o Legislativa<br \/>\n<\/strong><a href=\"http:\/\/www2.senado.leg.br\/bdsf\/handle\/id\/385380\" target=\"_blank\" rel=\"noopener\">http:\/\/www2.senado.leg.br\/bdsf\/handle\/id\/385380<\/a><\/p>\n<p><strong>Revista de Sociologia e Pol\u00edtica<br \/>\n<\/strong><a href=\"http:\/\/revistas.ufpr.br\/rsp\/issue\/archive\" target=\"_blank\" rel=\"noopener\">http:\/\/revistas.ufpr.br\/rsp\/issue\/archive<\/a><\/p>\n<p><strong>Revista Direito Ambiental e Sociedade<br \/>\n<\/strong><a href=\"http:\/\/www.ucs.br\/etc\/revistas\/index.php\/direitoambiental\/issue\/archive\" target=\"_blank\" rel=\"noopener\">http:\/\/www.ucs.br\/etc\/revistas\/index.php\/direitoambiental\/issue\/archive<\/a><\/p>\n<p><strong>Revista Direito &#038; Praxis<br \/>\n<\/strong><a href=\"http:\/\/www.e-publicacoes.uerj.br\/index.php\/revistaceaju\/issue\/archive\" target=\"_blank\" rel=\"noopener\">http:\/\/www.e-publicacoes.uerj.br\/index.php\/revistaceaju\/issue\/archive<\/a><\/p>\n<p><strong>Revista Direitos Culturais<br \/>\n<\/strong><a href=\"http:\/\/srvapp2s.urisan.tche.br\/seer\/index.php\/direitosculturais\/issue\/archive\" target=\"_blank\" rel=\"noopener\">http:\/\/srvapp2s.urisan.tche.br\/seer\/index.php\/direitosculturais\/issue\/archive<\/a><\/p>\n<p><strong>Revista Direitos Fundamentais &#038; Democracia<br \/>\n<\/strong><a href=\"http:\/\/revistaeletronicardfd.unibrasil.com.br\/index.php\/rdfd\/issue\/archive\" target=\"_blank\" rel=\"noopener\">http:\/\/revistaeletronicardfd.unibrasil.com.br\/index.php\/rdfd\/issue\/archive<\/a><\/p>\n<p><strong>Revista Eletr\u00f4nica do Curso de Direito da UFSM<br \/>\n<\/strong><a href=\"http:\/\/periodicos.ufsm.br\/index.php\/revistadireito\/issue\/archive#.V5efOYMrLcd\" target=\"_blank\" rel=\"noopener\">http:\/\/periodicos.ufsm.br\/index.php\/revistadireito\/issue\/archive#.V5efOYMrLcd<\/a><\/p>\n<p><strong>Revista Quaestio Yuris<br \/>\n<\/strong><a href=\"http:\/\/www.e-publicacoes.uerj.br\/index.php\/quaestioiuris\/issue\/archive\" target=\"_blank\" rel=\"noopener\">http:\/\/www.e-publicacoes.uerj.br\/index.php\/quaestioiuris\/issue\/archive<\/a><\/p>\n<p><strong>Revista Thesis Juris<br \/>\n<\/strong><a href=\"http:\/\/www.revistartj.org.br\/ojs\/index.php\/rtj\/issue\/archive\" target=\"_blank\" rel=\"noopener\">http:\/\/www.revistartj.org.br\/ojs\/index.php\/rtj\/issue\/archive<\/a><\/p>\n<p><strong>Revista Brasileira de Direito Constitucional<br \/>\n<\/strong><a href=\"http:\/\/www.esdc.com.br\/rbdc-inicio.htm\" target=\"_blank\" rel=\"noopener\">http:\/\/www.esdc.com.br\/rbdc-inicio.htm<\/a><\/p>\n<p><strong>Revista Eletr\u00f4nica da Faculdade de Direito da PUC-SP<br \/>\n<\/strong><a href=\"http:\/\/revistas.pucsp.br\/index.php\/red\/index\" target=\"_blank\" rel=\"noopener\">http:\/\/revistas.pucsp.br\/index.php\/red\/index<\/a><\/p>\n<p><strong>Veredas do Direito<br \/>\n<\/strong><a href=\"http:\/\/www.domhelder.edu.br\/revista\/index.php\/veredas\/index\" target=\"_blank\" rel=\"noopener\">http:\/\/www.domhelder.edu.br\/revista\/index.php\/veredas\/index<\/a><\/p>\n<p><strong>Sistema Penal &#038; Viol\u00eancia<br \/>\n<\/strong><a href=\"http:\/\/revistaseletronicas.pucrs.br\/ojs\/index.php\/sistemapenaleviolencia\/index\" target=\"_blank\" rel=\"noopener\">http:\/\/revistaseletronicas.pucrs.br\/ojs\/index.php\/sistemapenaleviolencia\/index<\/a><\/p>\n<p>&nbsp;<\/p>\n<p><strong>EDUCA\u00c7\u00c3O<\/strong><\/p>\n<p><strong>Cadernos Cedes<br \/>\n<\/strong><a href=\"http:\/\/www.scielo.br\/scielo.php\/script_sci_serial\/lng_pt\/pid_0101-3262\/nrm_iso\" target=\"_blank\" rel=\"noopener\">http:\/\/www.scielo.br\/scielo.php\/script_sci_serial\/lng_pt\/pid_0101-3262\/nrm_iso<\/a><\/p>\n<p><strong>Ci\u00eancia e Cultura<br \/>\n<\/strong><a href=\"http:\/\/cienciaecultura.bvs.br\/scielo.php?script=sci_serial&amp;pid=0009-6725&amp;lng=pt&amp;nrm=iso\" target=\"_blank\" rel=\"noopener\">http:\/\/cienciaecultura.bvs.br\/scielo.php?script=sci_serial&amp;pid=0009-6725&amp;lng=pt&amp;nrm=iso<\/a><\/p>\n<p><strong>Ci\u00eancia e Educa\u00e7\u00e3o<br \/>\n<\/strong><a href=\"http:\/\/www.fc.unesp.br\/pos\/revista\/npublicados.htm\" target=\"_blank\" rel=\"noopener\">http:\/\/www.fc.unesp.br\/pos\/revista\/npublicados.htm<\/a><br \/>\n<!--\n<strong>Democracia Viva\n<\/strong><a href=\"http:\/\/www.ibase.org.br\/cgi\/cgilua.exe\/sys\/start.htm\" target=\"_blank\" rel=\"noopener\">http:\/\/www.ibase.org.br\/cgi\/cgilua.exe\/sys\/start.htm<\/a>\n--><br \/>\n<strong>Educa\u00e7\u00e3o &amp; Sociedade<br \/>\n<\/strong><a href=\"http:\/\/www.scielo.br\/scielo.php\/script_sci_serial\/lng_pt\/pid_0101-7330\/nrm_iso\" target=\"_blank\" rel=\"noopener\">http:\/\/www.scielo.br\/scielo.php\/script_sci_serial\/lng_pt\/pid_0101-7330\/nrm_iso<\/a><br \/>\n<!--\n<strong>Ensaio - Pesquisa Em Educa\u00e7\u00e3o Em Ci\u00eancias\n<\/strong><a href=\"http:\/\/www.fae.ufmg.br\/ensaio\/\" target=\"_blank\" rel=\"noopener\">http:\/\/www.fae.ufmg.br\/ensaio\/<\/a>\n--><br \/>\n<strong>Estudos Avan\u00e7ados<br \/>\n<\/strong><a href=\"http:\/\/www.scielo.br\/scielo.php\/script_sci_serial\/pid_0103-4014\/lng_pt\/nrm_iso\" target=\"_blank\" rel=\"noopener\">http:\/\/www.scielo.br\/scielo.php\/script_sci_serial\/pid_0103-4014\/lng_pt\/nrm_iso<\/a><\/p>\n<p><strong>Interface &#8211; Comunica\u00e7\u00e3o, Sa\u00fade e Educa\u00e7\u00e3o<br \/>\n<\/strong><a href=\"http:\/\/www.interface.org.br\/\" target=\"_blank\" rel=\"noopener\">http:\/\/www.interface.org.br\/<\/a><br \/>\n<!--\n<strong>Rbep - Revista Brasileira de Estudos Pedag\u00f3gicos\n<\/strong><a href=\"http:\/\/www.inep.gov.br\/pesquisa\/publicacoes\/catlista.asp?M=P&amp;codigo=1&amp;Revista+Brasileira+de+Estudos+Pedag%C3%9Bgicos&amp;submit=Pesquisar\" target=\"_blank\" rel=\"noopener\">http:\/\/www.inep.gov.br\/pesquisa\/publicacoes\/catlista.asp?M=P&amp;codigo=1&amp;Revista+Brasileira+de+Estudos+Pedag\u00dbgicos&amp;submit=Pesquisar<\/a>\n--><br \/>\n&nbsp;<br \/>\n<!--\n<strong>PSICOLOGIA<\/strong>\n\n<strong>Psicologia, Ci\u00eancia e Profiss\u00e3o\n<\/strong><a href=\"http:\/\/www.revistacienciaeprofissao.org\/\" target=\"_blank\" rel=\"noopener\">http:\/\/www.revistacienciaeprofissao.org\/<\/a>\n--><br \/>\n&nbsp;<br \/>\n<!--\n<strong>ECONOMIA<\/strong>\n\n<strong>Boletim de Finan\u00e7as P\u00fablicas - Ipea\n<\/strong><a href=\"http:\/\/www.ipea.gov.br\/pub\/boletim\/boletim.html\" target=\"_blank\" rel=\"noopener\">http:\/\/www.ipea.gov.br\/pub\/boletim\/boletim.html<\/a>\n\n<strong>Ipea - Pesquisa e Planejamento Econ\u00f4mico\n<\/strong><a href=\"http:\/\/www.ipea.gov.br\/pub\/ppe\/ppe.html\" target=\"_blank\" rel=\"noopener\">http:\/\/www.ipea.gov.br\/pub\/ppe\/ppe.html<\/a>\n\n<strong>Mercado de Trabalho: Conjuntura e An\u00e1lise - Ipea\n<\/strong><a href=\"http:\/\/www.ipea.gov.br\/pub\/bcmt\/bcmt.html\" target=\"_blank\" rel=\"noopener\">http:\/\/www.ipea.gov.br\/pub\/bcmt\/bcmt.html<\/a>\n--><br \/>\n&nbsp;<\/p>\n<p><strong>INFORM\u00c1TICA<\/strong><\/p>\n<p><strong>Gazeta Do Linux<br \/>\n<\/strong><a href=\"http:\/\/www.gazetadolinux.com\/\" target=\"_blank\" rel=\"noopener\">http:\/\/www.gazetadolinux.com\/<\/a><\/p>\n<p><strong>Networked Computer Science Technical Reference Library<br \/>\n<\/strong><a href=\"http:\/\/www.ncstrl.org\/\" target=\"_blank\" rel=\"noopener\">http:\/\/www.ncstrl.org\/<\/a><br \/>\n<!--\n<strong>Resi - Revista Eletr\u00f4nica de Sistemas de Informa\u00e7\u00e3o\n<\/strong><a href=\"http:\/\/www.presidentekennedy.br\/resi\/\" target=\"_blank\" rel=\"noopener\">http:\/\/www.presidentekennedy.br\/resi\/<\/a>\n\n<strong>Revista Brasileira de Aprendizagem Abertae a Dist\u00e2ncia\n<\/strong><a href=\"http:\/\/www.abed.org.br\/publique\/cgi\/cgilua.exe\/sys\/start.htm?tpl=home&amp;UserActiveTemplate=1por\" target=\"_blank\" rel=\"noopener\">http:\/\/www.abed.org.br\/publique\/cgi\/cgilua.exe\/sys\/start.htm?tpl=home&amp;UserActiveTemplate=1por<\/a>\n\n<strong>Revista de Computa\u00e7\u00e3o da Ufla\n<\/strong><a href=\"http:\/\/www.comp.ufla.br\/infocomp\/\" target=\"_blank\" rel=\"noopener\">http:\/\/www.comp.ufla.br\/infocomp\/<\/a>\n\n<strong>Revista de Engenharia de Computa\u00e7\u00e3o e Sistemas Digitais\n<\/strong><a href=\"http:\/\/www.pcs.poli.usp.br\/revista\/\" target=\"_blank\" rel=\"noopener\">http:\/\/www.pcs.poli.usp.br\/revista\/<\/a>\n\n<strong>Revista de Informa\u00e7\u00e3o e Tecnologia-Unicamp\n<\/strong><a href=\"http:\/\/www.revista.unicamp.br\/\" target=\"_blank\" rel=\"noopener\">http:\/\/www.revista.unicamp.br\/<\/a>\n\n<strong>Revista do Linux\n<\/strong><a href=\"http:\/\/www.revistadolinux.com.br\/artigos\/\" target=\"_blank\" rel=\"noopener\">http:\/\/www.revistadolinux.com.br\/artigos\/<\/a>\n\n<strong>Revista Eletr\u00f4nica de Inicia\u00e7\u00e3o Cient\u00edfica\n<\/strong><a href=\"http:\/\/www.sbc.org.br\/reic\/revista.html\" target=\"_blank\" rel=\"noopener\">http:\/\/www.sbc.org.br\/reic\/revista.html<\/a>\n--><br \/>\n<strong>Revista Ip &#8211; Inform\u00e1tica P\u00fablica<br \/>\n<\/strong><a href=\"http:\/\/www.ip.pbh.gov.br\/\" target=\"_blank\" rel=\"noopener\">http:\/\/www.ip.pbh.gov.br\/<\/a><br \/>\n<!--\n<strong>Rlg Diginews\n<\/strong><a href=\"http:\/\/www.rlg.org\/en\/page.php?Page_ID=13247\" target=\"_blank\" rel=\"noopener\">http:\/\/www.rlg.org\/en\/page.php?Page_ID=13247<\/a>\n\n<strong>The Atlantic Monthly\n<\/strong><a href=\"http:\/\/www.theatlantic.com\/a\/search.mhtml\" target=\"_blank\" rel=\"noopener\">http:\/\/www.theatlantic.com\/a\/search.mhtml<\/a>\n--><br \/>\n&nbsp;<\/p>\n<p><strong>ADMINISTRAC\u00c3O E TECNOLOGIA EM GEST\u00c3O EMPRESARIAL<\/strong><br \/>\n<!--\n<strong>Acad\u00eamica\n<\/strong><a href=\"http:\/\/www.terravista.pt\/enseada\/5831\/\" target=\"_blank\" rel=\"noopener\">http:\/\/www.terravista.pt\/enseada\/5831\/<\/a>\n\n<strong>ADCONTAR: Revista Centro de Estudos Adm. e Cont\u00e1beis\n<\/strong><a href=\"http:\/\/www.nead.unama.br\/bibliotecavirtual\/revista\/revistas.asp\" target=\"_blank\" rel=\"noopener\">http:\/\/www.nead.unama.br\/bibliotecavirtual\/revista\/revistas.asp<\/a>\n--><br \/>\n<strong>Administrative Science Quarterli<br \/>\n<\/strong><a href=\"http:\/\/www.findarticles.com\/p\/articles\/mi_m4035\/di\" target=\"_blank\" rel=\"noopener\">http:\/\/www.findarticles.com\/p\/articles\/mi_m4035\/di<\/a><br \/>\n<!--\n<strong>D@Blium Administra\u00e7\u00e3o Em Revista\n<\/strong><a href=\"<!--http:\/\/members.lycos.co.uk\/Dablium\/\" target=\"_blank\" rel=\"noopener\">http:\/\/members.lycos.co.uk\/Dablium\/<\/a>\n--><br \/>\n<strong>EJBO &#8211; Ecletronic Journal Of Business<br \/>\n<\/strong><a href=\"http:\/\/ejbo.jyu.fi\" target=\"_blank\" rel=\"noopener\">http:\/\/ejbo.jyu.fi<\/a><br \/>\n<!--\n<strong>Entrepreneurship: Theory And Pratice\n<\/strong><a href=\"http:\/\/www.blackwell-synergy.com\/rd.asp?code=ETAP&amp;goto=journal\" target=\"_blank\" rel=\"noopener\">http:\/\/www.blackwell-synergy.com\/rd.asp?code=ETAP&amp;goto=journal<\/a>\n\n<strong>Journal Of Business (The)\n<\/strong><a href=\"http:\/\/www.journals.uchicago.edu\/JB\/journal\/available.html\" target=\"_blank\" rel=\"noopener\">http:\/\/www.journals.uchicago.edu\/JB\/journal\/available.html<\/a>\n\n<strong>Journal Of Businnes Venturing\n<\/strong><a href=\"http:\/\/www.sciencedirect.com\/science?_ob=JournalURL&amp;_cdi=5983&amp;_auth=y&amp;_acct=C000050221&amp;_version=1&amp;_urlVersion=0&amp;_userid=10&amp;md5=28507ca1b9bbfd84dac2d9589225cf3b\" target=\"_blank\" rel=\"noopener\">http:\/\/www.sciencedirect.com\/science?_ob=JournalURL&amp;_cdi=5983&amp;_auth=y&amp;_acct=C000050221&amp;_version=1&amp;_urlVersion=0&amp;_userid=10&amp;md5=28507ca1b9bbfd84dac2d9589225cf3b<\/a>\n\n<strong>RAE - Revista de Administra\u00e7\u00e3o de Empresas\n<\/strong><a href=\"http:\/\/www.rae.com.br\/rae\/index.cfm?FuseAction=Busca\" target=\"_blank\" rel=\"noopener\">http:\/\/www.rae.com.br\/rae\/index.cfm?FuseAction=Busca<\/a>\n\n<strong>RAU \u2013 Revista de Administra\u00e7\u00e3o Unime\n<\/strong><a href=\"http:\/\/www.unime.com.br\/rau\/\" target=\"_blank\" rel=\"noopener\">http:\/\/www.unime.com.br\/rau\/<\/a>\n--><br \/>\n<strong>READ \u2013 Revista Eletronica de Administra\u00e7\u00e3o<br \/>\n<\/strong><a href=\"http:\/\/www.read.ea.ufrgs.br\/\" target=\"_blank\" rel=\"noopener\">http:\/\/www.read.ea.ufrgs.br\/<\/a><\/p>\n<p><strong>Revista Adm-Made<br \/>\n<\/strong><a href=\"http:\/\/www.estacio.br\/revistamade\/edicoes.asp\" target=\"_blank\" rel=\"noopener\">http:\/\/www.estacio.br\/revistamade\/edicoes.asp<\/a><\/p>\n<p><strong>Revista Brasileira de Administra\u00e7\u00e3o<br \/>\n<\/strong><a href=\"http:\/\/www.scielo.br\/scielo.php?script=sci_serial&amp;pid=0034-7140&amp;lng=pt&amp;nrm=iso\" target=\"_blank\" rel=\"noopener\">http:\/\/www.scielo.br\/scielo.php?script=sci_serial&amp;pid=0034-7140&amp;lng=pt&amp;nrm=iso<\/a><br \/>\n<!--\n<strong>Revista de Administra\u00e7\u00e3o de Empresas\n<\/strong><a href=\"http:\/\/www.rae.com.br\/eletronica\/index.cfm?FuseAction=Artigo&amp;ID=3641&amp;Secao=FICHA%20CAT&amp;Volume=4&amp;numero=1&amp;Ano=2005\" target=\"_blank\" rel=\"noopener\">http:\/\/www.rae.com.br\/eletronica\/index.cfm?FuseAction=Artigo&amp;ID=3641&amp;Secao=FICHA CAT&amp;Volume=4&amp;numero=1&amp;Ano=2005<\/a>\n--><br \/>\n<strong>Revista Eletr\u00f5nica da Fecap<br \/>\n<\/strong><a href=\"http:\/\/www.fecap.br\/adm_online\/adol\/artigo.htm\" target=\"_blank\" rel=\"noopener\">http:\/\/www.fecap.br\/adm_online\/adol\/artigo.htm<\/a><br \/>\n<!--\n<strong>Revista Eletronica de Administra\u00e7\u00e3o\n<\/strong><a href=\"http:\/\/www.revista.inf.br\/adm\/\" target=\"_blank\" rel=\"noopener\">http:\/\/www.revista.inf.br\/adm\/<\/a>\n\n<strong>Revista Organiza\u00e7\u00f5es e Sociedade\n<\/strong><a href=\"http:\/\/www.adm.ufba.br\/ipublica_org.html\" target=\"_blank\" rel=\"noopener\">http:\/\/www.adm.ufba.br\/ipublica_org.html<\/a>\n\n<strong>Revista Sebrae\n<\/strong><a href=\"http:\/\/www.dce.sebrae.com..br\/revsebrae\" target=\"_blank\" rel=\"noopener\">http:\/\/www.dce.sebrae.com.br\/revsebrae<\/a>\n--><br \/>\n&nbsp;<\/p>\n<p><strong>OUTROS<\/strong><br \/>\n<!--\n<strong>Planejamento e Politicas Publicas\n<\/strong><a href=\"http:\/\/www.ipea.gov.br\/pub\/ppp\/ppp.html\" target=\"_blank\" rel=\"noopener\">http:\/\/www.ipea.gov.br\/pub\/ppp\/ppp.html<\/a>\n--><br \/>\n<strong>Estudos Avan\u00e7ados-Revista<br \/>\n<\/strong><a href=\"http:\/\/www.usp.br\/iea\/revista\/http:\/\/www.usp.br\/iea\/revista\/\" target=\"_blank\" rel=\"noopener\">http:\/\/www.usp.br\/iea\/revista\/<\/a><br \/>\n<!--\n<strong>Front End For The Mathematics Arxiv\n<\/strong><a href=\"http:\/\/front.math.ucdavis.edu\/searches\" target=\"_blank\" rel=\"noopener\">http:\/\/front.math.ucdavis.edu\/searches<\/a>\n--><\/p>\n","protected":false},"excerpt":{"rendered":"<p>DIREITO Revista Direito P\u00fablico https:\/\/www.portaldeperiodicos.idp.edu.br\/direitopublico Observat\u00f3rio da Jurisdi\u00e7\u00e3o Constitucional https:\/\/www.portaldeperiodicos.idp.edu.br\/observatorio Caderno Virtual https:\/\/www.portaldeperiodicos.idp.edu.br\/cadernovirtual Revista Brasileira de Direito Animal http:\/\/www.portalseer.ufba.br\/index.php\/RBDA\/issue\/archive Revista Brasileira de Seguran\u00e7a P\u00fablica http:\/\/revista.forumseguranca.org.br\/index.php\/rbsp\/issue\/archive Revista da Faculdade de Direito da UERJ http:\/\/www.e-publicacoes.uerj.br\/index.php\/rfduerj\/issue\/archive Revista da Faculdade de Direito do Sul de Minas http:\/\/www.fdsm.edu.br\/site\/revistafdsm2\/index.php?ano=2015 Revista da Faculdade de Direito da UFMG http:\/\/www.direito.ufmg.br\/revista\/index.php\/revista\/issue\/archive Revista da Faculdade de Direito UFPR http:\/\/revistas.ufpr.br\/direito\/issue\/archive Revista de Direito Brasileira http:\/\/www.rdb.org.br\/ojs\/index.php\/rdb\/issue\/archive Revista de Direito da Cidade http:\/\/www.e-publicacoes.uerj.br\/index.php\/rdc\/issue\/archive Revista de Direito Internacional http:\/\/www.publicacoesacademicas.uniceub.br\/index.php\/rdi\/issue\/archive Revista de Informa\u00e7\u00e3o Legislativa http:\/\/www2.senado.leg.br\/bdsf\/handle\/id\/385380 Revista de Sociologia e Pol\u00edtica http:\/\/revistas.ufpr.br\/rsp\/issue\/archive Revista Direito Ambiental e Sociedade http:\/\/www.ucs.br\/etc\/revistas\/index.php\/direitoambiental\/issue\/archive Revista Direito &#038; Praxis http:\/\/www.e-publicacoes.uerj.br\/index.php\/revistaceaju\/issue\/archive Revista Direitos Culturais http:\/\/srvapp2s.urisan.tche.br\/seer\/index.php\/direitosculturais\/issue\/archive Revista Direitos Fundamentais &#038; Democracia http:\/\/revistaeletronicardfd.unibrasil.com.br\/index.php\/rdfd\/issue\/archive Revista Eletr\u00f4nica do Curso de Direito da UFSM http:\/\/periodicos.ufsm.br\/index.php\/revistadireito\/issue\/archive#.V5efOYMrLcd Revista Quaestio Yuris http:\/\/www.e-publicacoes.uerj.br\/index.php\/quaestioiuris\/issue\/archive Revista Thesis Juris http:\/\/www.revistartj.org.br\/ojs\/index.php\/rtj\/issue\/archive Revista Brasileira de Direito Constitucional http:\/\/www.esdc.com.br\/rbdc-inicio.htm Revista Eletr\u00f4nica da Faculdade de Direito da PUC-SP http:\/\/revistas.pucsp.br\/index.php\/red\/index Veredas do Direito http:\/\/www.domhelder.edu.br\/revista\/index.php\/veredas\/index Sistema Penal &#038; Viol\u00eancia http:\/\/revistaseletronicas.pucrs.br\/ojs\/index.php\/sistemapenaleviolencia\/index &nbsp; EDUCA\u00c7\u00c3O Cadernos Cedes http:\/\/www.scielo.br\/scielo.php\/script_sci_serial\/lng_pt\/pid_0101-3262\/nrm_iso Ci\u00eancia e Cultura http:\/\/cienciaecultura.bvs.br\/scielo.php?script=sci_serial&amp;pid=0009-6725&amp;lng=pt&amp;nrm=iso Ci\u00eancia e Educa\u00e7\u00e3o http:\/\/www.fc.unesp.br\/pos\/revista\/npublicados.htm Educa\u00e7\u00e3o &amp; Sociedade http:\/\/www.scielo.br\/scielo.php\/script_sci_serial\/lng_pt\/pid_0101-7330\/nrm_iso Estudos Avan\u00e7ados http:\/\/www.scielo.br\/scielo.php\/script_sci_serial\/pid_0103-4014\/lng_pt\/nrm_iso Interface &#8211; Comunica\u00e7\u00e3o, Sa\u00fade e Educa\u00e7\u00e3o http:\/\/www.interface.org.br\/ &nbsp; &nbsp; &nbsp; INFORM\u00c1TICA Gazeta Do Linux http:\/\/www.gazetadolinux.com\/ Networked Computer Science Technical Reference Library http:\/\/www.ncstrl.org\/ Revista Ip &#8211; Inform\u00e1tica P\u00fablica http:\/\/www.ip.pbh.gov.br\/ &nbsp; ADMINISTRAC\u00c3O E TECNOLOGIA EM GEST\u00c3O EMPRESARIAL Administrative Science Quarterli http:\/\/www.findarticles.com\/p\/articles\/mi_m4035\/di EJBO &#8211; Ecletronic Journal Of Business http:\/\/ejbo.jyu.fi READ \u2013 Revista Eletronica de Administra\u00e7\u00e3o http:\/\/www.read.ea.ufrgs.br\/ Revista Adm-Made http:\/\/www.estacio.br\/revistamade\/edicoes.asp Revista Brasileira de Administra\u00e7\u00e3o http:\/\/www.scielo.br\/scielo.php?script=sci_serial&amp;pid=0034-7140&amp;lng=pt&amp;nrm=iso Revista Eletr\u00f5nica da Fecap http:\/\/www.fecap.br\/adm_online\/adol\/artigo.htm &nbsp; OUTROS Estudos Avan\u00e7ados-Revista http:\/\/www.usp.br\/iea\/revista\/<\/p>\n","protected":false},"author":1,"featured_media":0,"parent":0,"menu_order":0,"comment_status":"closed","ping_status":"closed","template":"","meta":{"footnotes":""},"class_list":["post-76","page","type-page","status-publish","hentry"],"_links":{"self":[{"href":"http:\/\/reges.com.br\/realeza\/wp-json\/wp\/v2\/pages\/76","targetHints":{"allow":["GET"]}}],"collection":[{"href":"http:\/\/reges.com.br\/realeza\/wp-json\/wp\/v2\/pages"}],"about":[{"href":"http:\/\/reges.com.br\/realeza\/wp-json\/wp\/v2\/types\/page"}],"author":[{"embeddable":true,"href":"http:\/\/reges.com.br\/realeza\/wp-json\/wp\/v2\/users\/1"}],"replies":[{"embeddable":true,"href":"http:\/\/reges.com.br\/realeza\/wp-json\/wp\/v2\/comments?post=76"}],"version-history":[{"count":12,"href":"http:\/\/reges.com.br\/realeza\/wp-json\/wp\/v2\/pages\/76\/revisions"}],"predecessor-version":[{"id":2267,"href":"http:\/\/reges.com.br\/realeza\/wp-json\/wp\/v2\/pages\/76\/revisions\/2267"}],"wp:attachment":[{"href":"http:\/\/reges.com.br\/realeza\/wp-json\/wp\/v2\/media?parent=76"}],"curies":[{"name":"wp","href":"https:\/\/api.w.org\/{rel}","templated":true}]}}