{"id":73,"date":"2012-10-05T16:27:03","date_gmt":"2012-10-05T19:27:03","guid":{"rendered":"http:\/\/reges.com.br\/realeza\/?page_id=73"},"modified":"2012-10-05T16:27:03","modified_gmt":"2012-10-05T19:27:03","slug":"bibliotecas-online","status":"publish","type":"page","link":"http:\/\/reges.com.br\/realeza\/bibliotecas-online\/","title":{"rendered":"Bibliotecas Online"},"content":{"rendered":"<p><strong>BIBLIOTECAS NACIONAIS<\/strong><\/p>\n<p><strong><\/strong><br \/>\n<strong>Biblioteca Digital de Obras Raras<\/strong>\u00a0&#8211; Livros completos digitalizados, como um de Lavoisier, editado no s\u00e9culo 19:<\/p>\n<p><a href=\"http:\/\/www.obrasraras.usp.br\/\" target=\"_blank\">www.obrasraras.usp.br<\/a><\/p>\n<p><strong>Biblioteca M\u00e1rio de Andrade<\/strong>\u00a0&#8211; Acervo, eventos e hist\u00f3ria da principal biblioteca de S\u00e3o Paulo:<br \/>\n<a href=\"http:\/\/www.prefeitura.sp.gov.br\/mariodeandrade\" target=\"_blank\">www.prefeitura.sp.gov.br\/mariodeandrade<\/a><\/p>\n<p>&nbsp;<\/p>\n<p><strong>Biblioteca Nacional do Brasil<\/strong><\/p>\n<p><a href=\"http:\/\/www.bn.br\/\" target=\"_blank\">http:\/\/www.bn.br<\/a><\/p>\n<p>&nbsp;<\/p>\n<p><strong>Dom\u00ednio P\u00fablico<\/strong>\u00a0&#8211; Biblioteca virtual de obras liter\u00e1rias e cient\u00edficas de dom\u00ednio p\u00fablico ou com divulga\u00e7\u00e3o autorizada:<\/p>\n<p><a href=\"http:\/\/www.dominiopublico.gov.br\/\" target=\"_blank\">www.dominiopublico.gov.br<\/a><\/p>\n<p>&nbsp;<\/p>\n<p><strong>INPA<\/strong>\u00a0&#8211; Instituto Nacional de Pesquisas da Amaz\u00f4nia disponibiliza aproximadamente 200 mil exemplares que t\u00eam um valor cient\u00edfico imensur\u00e1vel, e a cole\u00e7\u00e3o de \u201cObras Raras e Especiais\u201d, formada por 3 mil t\u00edtulos, aproximadamente, onde \u00e9 poss\u00edvel encontrar raridades dos s\u00e9culos XVIII e XIX:<br \/>\n<a href=\"http:\/\/biblioteca.inpa.gov.br\/\" target=\"_blank\">http:\/\/biblioteca.inpa.gov.br\/<\/a><\/p>\n<p>&nbsp;<\/p>\n<p><strong>UFSCar &#8211;<\/strong>\u00a0Portal do conhecimento desenvolvido pela Universidade Federal de S\u00e3o Paulo:<\/p>\n<p><a href=\"http:\/\/www.conhecimento.ufscar.br\/\" target=\"_blank\">www.conhecimento.ufscar.br<\/a><\/p>\n<p>&nbsp;<\/p>\n<p><strong>UOL Biblioteca<\/strong>\u00a0&#8211; Dicion\u00e1rios, guias de turismo e especiais noticiosos:<\/p>\n<p><a href=\"http:\/\/www.uol.com.br\/bibliot\" target=\"_blank\">www.uol.com.br\/bibliot<\/a><\/p>\n<p>&nbsp;<\/p>\n<p><strong>USP<\/strong>\u00a0&#8211; Acesso \u00e0 base de dados da Universidade de S\u00e3o Paulo:<\/p>\n<p><a href=\"http:\/\/www.usp.br\/sibi\" target=\"_blank\">www.usp.br\/sibi<\/a><\/p>\n<p><strong>UFRG<\/strong>\u00a0\u2013 Base de dados da Universidade do Rio Grande do Sul:<br \/>\n<a href=\"http:\/\/www.biblioteca.ufrgs.br\/\" target=\"_blank\">www.biblioteca.ufrgs.br<\/a><\/p>\n<p>&nbsp;<\/p>\n<p><strong>BIBLIOTECAS ESTRANGEIRAS<\/strong><\/p>\n<p>&nbsp;<\/p>\n<p><strong>Bartleby.com\u00a0<\/strong>&#8211; Importantes textos, como os 70 volumes da \u201cHarvard Classics\u201d e a obra completa de Shakespeare:<\/p>\n<p><a href=\"http:\/\/www.www.bartleby.com\/\" target=\"_blank\">www.bartleby.com<\/a><\/p>\n<p>&nbsp;<\/p>\n<p><strong>Bibliomania<\/strong>\u00a02.000 textos cl\u00e1ssicos e guias de estudo em ingl\u00eas:<\/p>\n<p><a href=\"http:\/\/www.bibliomania.com\/\" target=\"_blank\">www.bibliomania.com<\/a><\/p>\n<p><strong>Biblioteca Digital Andina<\/strong>\u00a0&#8211; Bol\u00edvia, Col\u00f4mbia, Equador e Peru est\u00e3o representados:<br \/>\n<a href=\"http:\/\/www.comunidadandina.org\/bda\" target=\"_blank\">www.comunidadandina.org\/bda<\/a><\/p>\n<p>&nbsp;<\/p>\n<p><strong>Biblioteca Nacional de Espa\u00f1a\u00a0<\/strong>&#8211; Entre as exposi\u00e7\u00f5es virtuais, uma interessante cole\u00e7\u00e3o cartogr\u00e1fica do s\u00e9culo 16 ao 19:<\/p>\n<p><a href=\"http:\/\/www.bne.es\/\" target=\"_blank\">www.bne.es<\/a><\/p>\n<p>&nbsp;<\/p>\n<p><strong>Biblioteca Nacional de la Rep\u00fablica Argentina\u00a0<\/strong>&#8211; Biblioteca, mapoteca e fototeca:<\/p>\n<p><a href=\"http:\/\/www.bibnal.edu.ar\/\" target=\"_blank\">www.bibnal.edu.ar<\/a><\/p>\n<p>&nbsp;<\/p>\n<p><strong>Biblioteca Nacional de Portugal\u00a0<\/strong>&#8211; Apresenta p\u00e1ginas especiais com reprodu\u00e7\u00f5es relacionadas a E\u00e7a de Queir\u00f3s e a Giuseppe Verdi, entre outros:<\/p>\n<p><a href=\"http:\/\/www.bn.pt\/\" target=\"_blank\">www.bn.pt<\/a><\/p>\n<p>&nbsp;<\/p>\n<p><strong>Biblioteca Nacional del Per\u00fa\u00a0<\/strong>&#8211; Alguns livros eletr\u00f4nicos, mapas e imagens:<\/p>\n<p><a href=\"http:\/\/www.binape.gob.pe\/\" target=\"_blank\">www.binape.gob.pe<\/a><\/p>\n<p>&nbsp;<\/p>\n<p><strong>Biblioteca Nazionale Centrale di Roma\u00a0<\/strong>&#8211; Exp\u00f5e detalhes de obras antigas de seu cat\u00e1logo:<\/p>\n<p><a href=\"http:\/\/www.bncrm.librari.beniculturali.it\/\" target=\"_blank\">www.bncrm.librari.beniculturali.it<\/a><\/p>\n<p>&nbsp;<\/p>\n<p><strong>Biblioteca Virtual Miguel de Cervantes\u00a0<\/strong>&#8211; Cultura hispano-americana:<\/p>\n<p><a href=\"http:\/\/www.cervantesvirtual.com\/\" target=\"_blank\">www.cervantesvirtual.com<\/a><\/p>\n<p>&nbsp;<\/p>\n<p><strong>Biblioteca Virtual Universal\u00a0<\/strong>&#8211; Textos infanto-juvenis, liter\u00e1rios e t\u00e9cnicos:<\/p>\n<p><a href=\"http:\/\/www.biblioteca.org.ar\/\" target=\"_blank\">www.biblioteca.org.ar<\/a><\/p>\n<p>&nbsp;<\/p>\n<p><strong>Bibliotheca Alexandrina\u00a0<\/strong>&#8211; Conhe\u00e7a a institui\u00e7\u00e3o criada \u00e0 sombra da famosa biblioteca, que sumiu h\u00e1 mais de 1.600 anos:<\/p>\n<p><a href=\"http:\/\/www.bibalex.gov.eg\/English\/index.aspx\" target=\"_blank\">www.bibalex.gov.eg\/English\/index.aspx<\/a><\/p>\n<p>&nbsp;<\/p>\n<p><strong>California Digital Library\u00a0<\/strong>&#8211; Imagens e e-livros oferecidos pela Universidade da Calif\u00f3rnia:<\/p>\n<p><a href=\"http:\/\/www.calisphere.universityofcalifornia.edu\/\" target=\"_blank\">www.calisphere.universityofcalifornia.edu\/<\/a><\/p>\n<p>&nbsp;<\/p>\n<p><strong>Cornell Library Digital Collections\u00a0<\/strong>&#8211; Compila\u00e7\u00f5es variadas, sobre agricultura e matem\u00e1tica, por exemplo:<\/p>\n<p><a href=\"http:\/\/cdl.library.cornell.edu\/\" target=\"_blank\">http:\/\/cdl.library.cornell.edu\/<\/a><\/p>\n<p><strong>Corpus of Electronic Texts\u00a0<\/strong>&#8211; Hist\u00f3ria, literatura e pol\u00edtica irlandesas:<br \/>\n<a href=\"http:\/\/www.ucc.ie\/celt\" target=\"_blank\">www.ucc.ie\/celt<\/a><\/p>\n<p><strong>Dearreader.com\u00a0<\/strong>&#8211; Clube virtual que envia por e-mail trechos de livros:<br \/>\n<a href=\"http:\/\/www.dearreader.com\/\" target=\"_blank\">www.dearreader.com<\/a><\/p>\n<p>&nbsp;<\/p>\n<p><strong>Educ.ar Biblioteca Digital<\/strong>\u00a0&#8211; Em espanhol, apresenta livros e revistas de \u201ctodas as disciplinas\u201d:<\/p>\n<p><a href=\"http:\/\/www.educ.ar\/educar\/superior\/biblioteca_digital\" target=\"_blank\">www.educ.ar\/educar\/superior\/biblioteca_digital<\/a><\/p>\n<p>&nbsp;<\/p>\n<p><strong>Gallica \u2013 Biblioth\u00e8que Num\u00e9rique\u00a0<\/strong>&#8211; Tem 90 mil livros digitalizados dispon\u00edveis em \u201cformato imagem\u201d da Biblioteca Nacional da Fran\u00e7a:<\/p>\n<p><a href=\"http:\/\/gallica.bnf.fr\/\" target=\"_blank\">http:\/\/gallica.bnf.fr\/<\/a><\/p>\n<p>&nbsp;<\/p>\n<p><strong>Google Book Search\u00a0<\/strong>&#8211; \u00c9 o mais conhecido, com milhares de trabalhos digitalizados. \u00c9 poss\u00edvel ter acesso a textos cl\u00e1ssicos completos como a Divina Com\u00e9dia de Dante e resumos ou fragmentos de livros ainda sob a prote\u00e7\u00e3o do direito autoral. O livro mais antigo na biblioteca virtual do Google \u00e9 um trabalho em latim, de 1521. O acervo cont\u00e9m livros dos s\u00e9culos XVIII e XIX, a maioria em ingl\u00eas:<\/p>\n<p><a href=\"http:\/\/books.google.com\/\" target=\"_blank\">http:\/\/books.google.com<\/a><\/p>\n<p>&nbsp;<\/p>\n<p><strong>Great Images in Nasa<\/strong>\u00a0&#8211; Imagens hist\u00f3ricas da ag\u00eancia espacial americana:<\/p>\n<p><a href=\"http:\/\/grin.hq.nasa.gov\/\" target=\"_blank\">http:\/\/grin.hq.nasa.gov<\/a><\/p>\n<p>&nbsp;<\/p>\n<p><strong>Human Rights Library\u00a0<\/strong>&#8211; Mais de 14 mil documentos relacionados aos direitos humanos:<\/p>\n<p><a href=\"http:\/\/www1.umn.edu\/humanrts\/\" target=\"_blank\">www1.umn.edu\/humanrts\/<\/a><\/p>\n<p>&nbsp;<\/p>\n<p><strong>IDRC Library\u00a0<\/strong>&#8211; Textos e imagens desse centro de estudos do desenvolvimento internacional:<\/p>\n<p><a href=\"http:\/\/www.idrc.ca\/library\/\" target=\"_blank\">www.idrc.ca\/library\/<\/a><\/p>\n<p>&nbsp;<\/p>\n<p><strong>Internet Ancient History Sourcebook\u00a0<\/strong>&#8211; P\u00e1gina dedicada \u00e0 difus\u00e3o de documentos da Antiguidade:<\/p>\n<p><a href=\"http:\/\/www.fordham.edu\/halsall\/ancient\/asbook.html\" target=\"_blank\">www.fordham.edu\/halsall\/ancient\/asbook.html<\/a><\/p>\n<p>&nbsp;<\/p>\n<p>completos em diversas l\u00ednguas, entre as quais o latim:<br \/>\n<a href=\"http:\/\/www.intratext.com\/\" target=\"_blank\">www.intratext.com<\/a><\/p>\n<p>&nbsp;<\/p>\n<p><strong>John F. Kennedy Library\u00a0<\/strong>&#8211; Sobre o presidente americano John F. Kennedy, morto em 1963:<\/p>\n<p><a href=\"http:\/\/www.cs.umb.edu\/jfklibrary\" target=\"_blank\">www.cs.umb.edu\/jfklibrary<\/a><\/p>\n<p>&nbsp;<\/p>\n<p><strong>Nuovo Rinascimento\u00a0<\/strong>&#8211; Especializado em documentos do Renascimento italiano:<\/p>\n<p><a href=\"http:\/\/www.nuovorinascimento.org\/n-rinasc\/homepage.htm\" target=\"_blank\">www.nuovorinascimento.org\/n-rinasc\/homepage.htm<\/a><\/p>\n<p><strong>Open Content Alliance\u00a0<\/strong>&#8211; A biblioteca tem 35 mil livros escaneados, a maioria em ingl\u00eas. Nenhum dos trabalhos est\u00e1 protegido por direitos autorais e todos podem ser baixados, impressos ou utilizados livremente com objetivos comerciais:<br \/>\n<a href=\"http:\/\/www.archive.org\/details\/texts\" target=\"_blank\">www.archive.org\/details\/texts<\/a><\/p>\n<p><strong>Oxford Digital Libr<\/strong><strong>ary\u00a0<\/strong>&#8211; Centraliza acesso a projetos digitais das bibliotecas da Universidade de Oxford:<br \/>\n<a href=\"http:\/\/www.odl.ox.ac.uk\/\" target=\"_blank\">www.odl.ox.ac.uk<\/a><\/p>\n<p>&nbsp;<\/p>\n<p><strong>Project Gutenberg\u00a0<\/strong>&#8211; Mantido por volunt\u00e1rios, importante site com obras integrais dispon\u00edveis gratuitamente<\/p>\n<p><a href=\"http:\/\/www.gutenberg.net\/\" target=\"_blank\">www.gutenberg.net<\/a><\/p>\n<p>&nbsp;<\/p>\n<p><strong>Proyecto Biblioteca Digital Argentina ina<\/strong>\u00a0&#8211; Obras consideradas representativas da literatura Argentina:<\/p>\n<p><a href=\"http:\/\/www.biblioteca.clarin.com\/\" target=\"_blank\">www.biblioteca.clarin.com<\/a><\/p>\n<p>&nbsp;<\/p>\n<p><strong>Romanzieri.com\u00a0<\/strong>&#8211; Livros eletr\u00f4nicos em italiano compat\u00edveis com o programa Microsoft Reader:<\/p>\n<p><a href=\"http:\/\/www.romanzieri.com\/\" target=\"_blank\">www.romanzieri.com\/<\/a><\/p>\n<p>&nbsp;<\/p>\n<p><strong>Servei de Biblioteques\u00a0<\/strong>&#8211; Bibliotecas da Universidade Aut\u00f4noma de Barcelona:<\/p>\n<p><a href=\"http:\/\/www.bib.uab.es\/\" target=\"_blank\">www.bib.uab.es<\/a><\/p>\n<p>&nbsp;<\/p>\n<p><strong>Sololiteratura.com\u00a0<\/strong>&#8211; Textos sobre autores hispano-americanos:<\/p>\n<p><a href=\"http:\/\/www.sololiteratura.com\/\" target=\"_blank\">www.sololiteratura.com<\/a><\/p>\n<p>&nbsp;<\/p>\n<p><strong>The Aerial Reconnaissance Archives\u00a0<\/strong>&#8211; Rec\u00e9m-lan\u00e7ado, site promete divulgar 5 milh\u00f5es de fotos a\u00e9reas da Segunda Guerra Mundial:<\/p>\n<p><a href=\"http:\/\/www.evidenceincamera.co.uk\/\" target=\"_blank\">www.evidenceincamera.co.uk<\/a><\/p>\n<p>&nbsp;<\/p>\n<p><strong>The Digital Library\u00a0<\/strong>&#8211; Diversas cole\u00e7\u00f5es tem\u00e1ticas, como a de escritoras negras americanas do s\u00e9culo 19:<\/p>\n<p><a href=\"http:\/\/www.nypl.org\/digital\/\" target=\"_blank\">www.nypl.org\/digital\/<\/a><\/p>\n<p>&nbsp;<\/p>\n<p><strong>The Digital South Asia Library\u00a0<\/strong>&#8211; Peri\u00f3dicos, fotos e estat\u00edsticas que contam a hist\u00f3ria do Sul da \u00c1sia:<\/p>\n<p><a href=\"http:\/\/dsal.uchicago.edu\/\" target=\"_blank\">http:\/\/dsal.uchicago.edu\/<\/a><\/p>\n<p>&nbsp;<\/p>\n<p><strong>The Huntington\u00a0<\/strong>&#8211; Grande quantidade de obras raras em arte e bot\u00e2nica:<\/p>\n<p><a href=\"http:\/\/www.huntington.org\/\" target=\"_blank\">www.huntington.org<\/a><\/p>\n<p>&nbsp;<\/p>\n<p><strong>Pesquisas\u00a0<\/strong>\u2013 Permite fazer pesquisas dentro dos livros<\/p>\n<p><a href=\"http:\/\/www.a9.com\/\" target=\"_blank\">www.a9.com<\/a><\/p>\n<p>&nbsp;<\/p>\n<p><strong>The Information Resource Center (IRC)<\/strong>\u00a0&#8211; U.S., Mission, Brazil: o IRC \u00e9 o Centro de informa\u00e7\u00e3o e pesquisa da Embaixada e Consulados dos Estados Unidos no Brasil; fornece informa\u00e7\u00e3o sobre os Estados Unidos, com \u00eanfase nas pol\u00edticas governamentais e rela\u00e7\u00f5es bilaterais entre EUA \u2013 Brasil. Entre os recursos dispon\u00edveis, destacam-se: cat\u00e1logo online, bases de dados, livros eletr\u00f4nicos (E-books), peri\u00f3dicos, peri\u00f3dicos eletr\u00f4nicos, servi\u00e7o de perguntas e respostas, publica\u00e7\u00f5es eletr\u00f4nicas, refer\u00eancia. Em ingl\u00eas e portugu\u00eas:<\/p>\n<p><a href=\"http:\/\/irc.embaixada-americana.org.br\/\" target=\"_blank\">http:\/\/irc.embaixada-americana.org.br\/<\/a><\/p>\n<p>&nbsp;<\/p>\n<p><strong>The Literature Network\u00a0<\/strong>&#8211; Poemas, contos e romances de aproximadamente 90 autores:<\/p>\n<p><a href=\"http:\/\/www.online-literature.com\/\" target=\"_blank\">www.online-literature.com<\/a><\/p>\n<p>&nbsp;<\/p>\n<p><strong>The Math Forum\u00a0<\/strong>&#8211; Textos que se prop\u00f5em a auxiliar no ensino da matem\u00e1tica:<\/p>\n<p><a href=\"http:\/\/mathforum.org\/library\/\" target=\"_blank\">http:\/\/mathforum.org\/library\/<\/a><\/p>\n<p>&nbsp;<\/p>\n<p><strong>The New Zealand Digital Library\u00a0<\/strong>&#8211; Destaque para os arquivos sobre quest\u00f5es humanit\u00e1rias:<\/p>\n<p><a href=\"http:\/\/www.sadl.uleth.ca\/nz\/cgi-bin\/library\" target=\"_blank\">www.sadl.uleth.ca\/nz\/cgi-bin\/library<\/a><\/p>\n<p>&nbsp;<\/p>\n<p><strong>The Online Books Page\u00a0<\/strong>&#8211; Afirma ter mais de 20 mil livros on-line:<\/p>\n<p><a href=\"http:\/\/digital.library.upenn.edu\/books\" target=\"_blank\">http:\/\/digital.library.upenn.edu\/books<\/a><\/p>\n<p>&nbsp;<\/p>\n<p><strong>Treasures of Keyo University\u00a0<\/strong>&#8211; Um dos destaques \u00e9 a reprodu\u00e7\u00e3o da B\u00edblia de Gutenberg:<\/p>\n<p><a href=\"http:\/\/www.humi.keio.ac.jp\/treasures\" target=\"_blank\">www.humi.keio.ac.jp\/treasures<\/a><\/p>\n<p>&nbsp;<\/p>\n<p><strong>Unesco Libraries Portal\u00a0<\/strong>&#8211; Informa\u00e7\u00f5es sobre bibliotecas e projetos voltados para a preserva\u00e7\u00e3o da mem\u00f3ria:<\/p>\n<p><a href=\"http:\/\/www.unesco.org\/webworld\/portal_bib\" target=\"_blank\">www.unesco.org\/webworld\/portal_bib<\/a><\/p>\n<p><strong>UT Library Online\u00a0<\/strong>&#8211; Possui uma ampla cole\u00e7\u00e3o de mapas:<br \/>\n<a href=\"http:\/\/www.lib.utexas.edu\/\" target=\"_blank\">www.lib.utexas.edu<\/a><\/p>\n","protected":false},"excerpt":{"rendered":"<p>BIBLIOTECAS NACIONAIS Biblioteca Digital de Obras Raras\u00a0&#8211; Livros completos digitalizados, como um de Lavoisier, editado no s\u00e9culo 19: www.obrasraras.usp.br Biblioteca M\u00e1rio de Andrade\u00a0&#8211; Acervo, eventos e hist\u00f3ria da principal biblioteca de S\u00e3o Paulo: www.prefeitura.sp.gov.br\/mariodeandrade &nbsp; Biblioteca Nacional do Brasil http:\/\/www.bn.br &nbsp; Dom\u00ednio P\u00fablico\u00a0&#8211; Biblioteca virtual de obras liter\u00e1rias e cient\u00edficas de dom\u00ednio p\u00fablico ou com divulga\u00e7\u00e3o autorizada: www.dominiopublico.gov.br &nbsp; INPA\u00a0&#8211; Instituto Nacional de Pesquisas da Amaz\u00f4nia disponibiliza aproximadamente 200 mil exemplares que t\u00eam um valor cient\u00edfico imensur\u00e1vel, e a cole\u00e7\u00e3o de \u201cObras Raras e Especiais\u201d, formada por 3 mil t\u00edtulos, aproximadamente, onde \u00e9 poss\u00edvel encontrar raridades dos s\u00e9culos XVIII e XIX: http:\/\/biblioteca.inpa.gov.br\/ &nbsp; UFSCar &#8211;\u00a0Portal do conhecimento desenvolvido pela Universidade Federal de S\u00e3o Paulo: www.conhecimento.ufscar.br &nbsp; UOL Biblioteca\u00a0&#8211; Dicion\u00e1rios, guias de turismo e especiais noticiosos: www.uol.com.br\/bibliot &nbsp; USP\u00a0&#8211; Acesso \u00e0 base de dados da Universidade de S\u00e3o Paulo: www.usp.br\/sibi UFRG\u00a0\u2013 Base de dados da Universidade do Rio Grande do Sul: www.biblioteca.ufrgs.br &nbsp; BIBLIOTECAS ESTRANGEIRAS &nbsp; Bartleby.com\u00a0&#8211; Importantes textos, como os 70 volumes da \u201cHarvard Classics\u201d e a obra completa de Shakespeare: www.bartleby.com &nbsp; Bibliomania\u00a02.000 textos cl\u00e1ssicos e guias de estudo em ingl\u00eas: www.bibliomania.com Biblioteca Digital Andina\u00a0&#8211; Bol\u00edvia, Col\u00f4mbia, Equador e Peru est\u00e3o representados: www.comunidadandina.org\/bda &nbsp; Biblioteca Nacional de Espa\u00f1a\u00a0&#8211; Entre as exposi\u00e7\u00f5es virtuais, uma interessante cole\u00e7\u00e3o cartogr\u00e1fica do s\u00e9culo 16 ao 19: www.bne.es &nbsp; Biblioteca Nacional de la Rep\u00fablica Argentina\u00a0&#8211; Biblioteca, mapoteca e fototeca: www.bibnal.edu.ar &nbsp; Biblioteca Nacional de Portugal\u00a0&#8211; Apresenta p\u00e1ginas especiais com reprodu\u00e7\u00f5es relacionadas a E\u00e7a de Queir\u00f3s e a Giuseppe Verdi, entre outros: www.bn.pt &nbsp; Biblioteca Nacional del Per\u00fa\u00a0&#8211; Alguns livros eletr\u00f4nicos, mapas e imagens: www.binape.gob.pe &nbsp; Biblioteca Nazionale Centrale di Roma\u00a0&#8211; Exp\u00f5e detalhes de obras antigas de seu cat\u00e1logo: www.bncrm.librari.beniculturali.it &nbsp; Biblioteca Virtual Miguel de Cervantes\u00a0&#8211; Cultura hispano-americana: www.cervantesvirtual.com &nbsp; Biblioteca Virtual Universal\u00a0&#8211; Textos infanto-juvenis, liter\u00e1rios e t\u00e9cnicos: www.biblioteca.org.ar &nbsp; Bibliotheca Alexandrina\u00a0&#8211; Conhe\u00e7a a institui\u00e7\u00e3o criada \u00e0 sombra da famosa biblioteca, que sumiu h\u00e1 mais de 1.600 anos: www.bibalex.gov.eg\/English\/index.aspx &nbsp; California Digital Library\u00a0&#8211; Imagens e e-livros oferecidos pela Universidade da Calif\u00f3rnia: www.calisphere.universityofcalifornia.edu\/ &nbsp; Cornell Library Digital Collections\u00a0&#8211; Compila\u00e7\u00f5es variadas, sobre agricultura e matem\u00e1tica, por exemplo: http:\/\/cdl.library.cornell.edu\/ Corpus of Electronic Texts\u00a0&#8211; Hist\u00f3ria, literatura e pol\u00edtica irlandesas: www.ucc.ie\/celt Dearreader.com\u00a0&#8211; Clube virtual que envia por e-mail trechos de livros: www.dearreader.com &nbsp; Educ.ar Biblioteca Digital\u00a0&#8211; Em espanhol, apresenta livros e revistas de \u201ctodas as disciplinas\u201d: www.educ.ar\/educar\/superior\/biblioteca_digital &nbsp; Gallica \u2013 Biblioth\u00e8que Num\u00e9rique\u00a0&#8211; Tem 90 mil livros digitalizados dispon\u00edveis em \u201cformato imagem\u201d da Biblioteca Nacional da Fran\u00e7a: http:\/\/gallica.bnf.fr\/ &nbsp; Google Book Search\u00a0&#8211; \u00c9 o mais conhecido, com milhares de trabalhos digitalizados. \u00c9 poss\u00edvel ter acesso a textos cl\u00e1ssicos completos como a Divina Com\u00e9dia de Dante e resumos ou fragmentos de livros ainda sob a prote\u00e7\u00e3o do direito autoral. O livro mais antigo na biblioteca virtual do Google \u00e9 um trabalho em latim, de 1521. O acervo cont\u00e9m livros dos s\u00e9culos XVIII e XIX, a maioria em ingl\u00eas: http:\/\/books.google.com &nbsp; Great Images in Nasa\u00a0&#8211; Imagens hist\u00f3ricas da ag\u00eancia espacial americana: http:\/\/grin.hq.nasa.gov &nbsp; Human Rights Library\u00a0&#8211; Mais de 14 mil documentos relacionados aos direitos humanos: www1.umn.edu\/humanrts\/ &nbsp; IDRC Library\u00a0&#8211; Textos e imagens desse centro de estudos do desenvolvimento internacional: www.idrc.ca\/library\/ &nbsp; Internet Ancient History Sourcebook\u00a0&#8211; P\u00e1gina dedicada \u00e0 difus\u00e3o de documentos da Antiguidade: www.fordham.edu\/halsall\/ancient\/asbook.html &nbsp; completos em diversas l\u00ednguas, entre as quais o latim: www.intratext.com &nbsp; John F. Kennedy Library\u00a0&#8211; Sobre o presidente americano John F. Kennedy, morto em 1963: www.cs.umb.edu\/jfklibrary &nbsp; Nuovo Rinascimento\u00a0&#8211; Especializado em documentos do Renascimento italiano: www.nuovorinascimento.org\/n-rinasc\/homepage.htm Open Content Alliance\u00a0&#8211; A biblioteca tem 35 mil livros escaneados, a maioria em ingl\u00eas. Nenhum dos trabalhos est\u00e1 protegido por direitos autorais e todos podem ser baixados, impressos ou utilizados livremente com objetivos comerciais: www.archive.org\/details\/texts Oxford Digital Library\u00a0&#8211; Centraliza acesso a projetos digitais das bibliotecas da Universidade de Oxford: www.odl.ox.ac.uk &nbsp; Project Gutenberg\u00a0&#8211; Mantido por volunt\u00e1rios, importante site com obras integrais dispon\u00edveis gratuitamente www.gutenberg.net &nbsp; Proyecto Biblioteca Digital Argentina ina\u00a0&#8211; Obras consideradas representativas da literatura Argentina: www.biblioteca.clarin.com &nbsp; Romanzieri.com\u00a0&#8211; Livros eletr\u00f4nicos em italiano compat\u00edveis com o programa Microsoft Reader: www.romanzieri.com\/ &nbsp; Servei de Biblioteques\u00a0&#8211; Bibliotecas da Universidade Aut\u00f4noma de Barcelona: www.bib.uab.es &nbsp; Sololiteratura.com\u00a0&#8211; Textos sobre autores hispano-americanos: www.sololiteratura.com &nbsp; The Aerial Reconnaissance Archives\u00a0&#8211; Rec\u00e9m-lan\u00e7ado, site promete divulgar 5 milh\u00f5es de fotos a\u00e9reas da Segunda Guerra Mundial: www.evidenceincamera.co.uk &nbsp; The Digital Library\u00a0&#8211; Diversas cole\u00e7\u00f5es tem\u00e1ticas, como a de escritoras negras americanas do s\u00e9culo 19: www.nypl.org\/digital\/ &nbsp; The Digital South Asia Library\u00a0&#8211; Peri\u00f3dicos, fotos e estat\u00edsticas que contam a hist\u00f3ria do Sul da \u00c1sia: http:\/\/dsal.uchicago.edu\/ &nbsp; The Huntington\u00a0&#8211; Grande quantidade de obras raras em arte e bot\u00e2nica: www.huntington.org &nbsp; Pesquisas\u00a0\u2013 Permite fazer pesquisas dentro dos livros www.a9.com &nbsp; The Information Resource Center (IRC)\u00a0&#8211; U.S., Mission, Brazil: o IRC \u00e9 o Centro de informa\u00e7\u00e3o e pesquisa da Embaixada e Consulados dos Estados Unidos no Brasil; fornece informa\u00e7\u00e3o sobre os Estados Unidos, com \u00eanfase nas pol\u00edticas governamentais e rela\u00e7\u00f5es bilaterais entre EUA \u2013 Brasil. Entre os recursos dispon\u00edveis, destacam-se: cat\u00e1logo online, bases de dados, livros eletr\u00f4nicos (E-books), peri\u00f3dicos, peri\u00f3dicos eletr\u00f4nicos, servi\u00e7o de perguntas e respostas, publica\u00e7\u00f5es eletr\u00f4nicas, refer\u00eancia. Em ingl\u00eas e portugu\u00eas: http:\/\/irc.embaixada-americana.org.br\/ &nbsp; The Literature Network\u00a0&#8211; Poemas, contos e romances de aproximadamente 90 autores: www.online-literature.com &nbsp; The Math Forum\u00a0&#8211; Textos que se prop\u00f5em a auxiliar no ensino da matem\u00e1tica: http:\/\/mathforum.org\/library\/ &nbsp; The New Zealand Digital Library\u00a0&#8211; Destaque para os arquivos sobre quest\u00f5es humanit\u00e1rias: www.sadl.uleth.ca\/nz\/cgi-bin\/library &nbsp; The Online Books Page\u00a0&#8211; Afirma ter mais de 20 mil livros on-line: http:\/\/digital.library.upenn.edu\/books &nbsp; Treasures of Keyo University\u00a0&#8211; Um dos destaques \u00e9 a reprodu\u00e7\u00e3o da B\u00edblia de Gutenberg: www.humi.keio.ac.jp\/treasures &nbsp; Unesco Libraries Portal\u00a0&#8211; Informa\u00e7\u00f5es sobre bibliotecas e projetos voltados para a preserva\u00e7\u00e3o da mem\u00f3ria: www.unesco.org\/webworld\/portal_bib UT Library Online\u00a0&#8211; Possui uma ampla cole\u00e7\u00e3o de mapas: www.lib.utexas.edu<\/p>\n","protected":false},"author":1,"featured_media":0,"parent":0,"menu_order":0,"comment_status":"closed","ping_status":"closed","template":"","meta":{"footnotes":""},"class_list":["post-73","page","type-page","status-publish","hentry"],"_links":{"self":[{"href":"http:\/\/reges.com.br\/realeza\/wp-json\/wp\/v2\/pages\/73","targetHints":{"allow":["GET"]}}],"collection":[{"href":"http:\/\/reges.com.br\/realeza\/wp-json\/wp\/v2\/pages"}],"about":[{"href":"http:\/\/reges.com.br\/realeza\/wp-json\/wp\/v2\/types\/page"}],"author":[{"embeddable":true,"href":"http:\/\/reges.com.br\/realeza\/wp-json\/wp\/v2\/users\/1"}],"replies":[{"embeddable":true,"href":"http:\/\/reges.com.br\/realeza\/wp-json\/wp\/v2\/comments?post=73"}],"version-history":[{"count":1,"href":"http:\/\/reges.com.br\/realeza\/wp-json\/wp\/v2\/pages\/73\/revisions"}],"predecessor-version":[{"id":75,"href":"http:\/\/reges.com.br\/realeza\/wp-json\/wp\/v2\/pages\/73\/revisions\/75"}],"wp:attachment":[{"href":"http:\/\/reges.com.br\/realeza\/wp-json\/wp\/v2\/media?parent=73"}],"curies":[{"name":"wp","href":"https:\/\/api.w.org\/{rel}","templated":true}]}}