{"id":67,"date":"2012-10-05T16:25:13","date_gmt":"2012-10-05T19:25:13","guid":{"rendered":"http:\/\/reges.com.br\/realeza\/?page_id=67"},"modified":"2012-10-05T16:25:13","modified_gmt":"2012-10-05T19:25:13","slug":"normas-bibliograficas","status":"publish","type":"page","link":"http:\/\/reges.com.br\/realeza\/normas-bibliograficas\/","title":{"rendered":"Normas Bibliogr\u00e1ficas"},"content":{"rendered":"<p><strong>LIVROS<\/strong><\/p>\n<p>&nbsp;<\/p>\n<p>SOBRENOME DO AUTOR, Nome. T\u00edtulo: subt\u00edtulo se houver (opcianal). N\u00famero da edi\u00e7\u00e3o (quando \u00e9 a primeira edi\u00e7\u00e3o, geralmente n\u00e3o \u00e9 mencionado na publica\u00e7\u00e3o, mas se houver, na refer\u00eancia bibliogr\u00e1fica nunca dever\u00e1 existir esta informa\u00e7\u00e3o). Cidade: Nome da editora, ano de publica\u00e7\u00e3o. N\u00famero total de p\u00e1ginas.Se existir um nome que destingue o grau de parentesco ele dever\u00e1 ser mencionado logo em seguida do nome da fam\u00edlia. A partir de 04 autores menciona-se apenas o primeiro autor e em seguida a express\u00e3o et al. (que \u00e9 abreviada da express\u00e3o et alli, e significa \u2018e outros\u2019).<\/p>\n<p>&nbsp;<\/p>\n<p><strong>Exemplos:<\/strong><\/p>\n<p>01 autor<br \/>\nCRETELLA J\u00daNIOR, Jos\u00e9. Pr\u00e1tica do processo administrativo. S\u00e3o Paulo: Revista dos Tribunais, 1988. 184 p.<\/p>\n<p>2 autores<br \/>\nMIRANDA J\u00daNIOR, Darcy Arruda; KUGELMAS, Alfredo Luiz. Lei de luvas: jurisprud\u00eancia. S\u00e3o Paulo: Revista dos Tribunais, 1988. 436 p.<\/p>\n<p>3 autores<br \/>\nAIACHE, J. M.; AIACHE, S.; RENOUX, R. Inicia\u00e7\u00e3o ao conhecimento do medicamento. 2. ed. S\u00e3o Paulo: Organiza\u00e7\u00e3o Andrei, 1998. 377 p.<br \/>\nA partir de 04 autores menciona-se apenas o primeiro autor e em seguida a express\u00e3o et al.<br \/>\nJANICAK, Philip G. et al. Princ\u00edpios e pr\u00e1tica da psicofarmacoterapia. Rio de Janeiro: Medsi, 1996. 540 p<\/p>\n<p>&nbsp;<\/p>\n<p>&nbsp;<\/p>\n<p>&nbsp;<\/p>\n<p><strong>PARTE DE LIVRO<\/strong><\/p>\n<p>&nbsp;<\/p>\n<p>Cap\u00edtulo de livro com autores diferentes<br \/>\nSOBRENOME DO AUTOR, Nome. T\u00edtulo do cap\u00edtulo. In: \u00daLTIMO SOBRENOME DO AUTOR, Nome. T\u00edtulo do livro: subt\u00edtulo se houver. N\u00famero da edi\u00e7\u00e3o. Cidade: Nome da editora, ano de publica\u00e7\u00e3o. p. n\u00famero da p\u00e1gina ou intervalo utilizado.<\/p>\n<p>&nbsp;<\/p>\n<p><strong>Exemplos:<\/strong><\/p>\n<p>MAYER, Robert J. Neoplasias do es\u00f4fago e do est\u00f4mago. In: ISSELBACHER, Kurt J. et al (Ed.) Harrison: medicina interna. 13. ed. Rio de Janeiro: McGraw-Hill, 1995. cap. 253, p. 1450-1454.<br \/>\nCap\u00edtulo de livro com o mesmo autor (para facilitar \u00e9 poss\u00edvel utilizar o tra\u00e7o sublinear com 06 toques, identificando a repeti\u00e7\u00e3o do autor).<\/p>\n<p>&nbsp;<\/p>\n<p>SOBRENOME DO AUTOR, Nome. T\u00edtulo do cap\u00edtulo. In: ______. T\u00edtulo: subt\u00edtulo se houver. N\u00famero da edi\u00e7\u00e3o. Cidade: Nome da editora, ano de publica\u00e7\u00e3o. N\u00famero da p\u00e1gina ou intervalo utilizado.<\/p>\n<p>&nbsp;<\/p>\n<p><strong>Exemplos:<\/strong><\/p>\n<p>MORAES, Lu\u00eds Carlos Silva de. Compet\u00eancia legislativa. In: ______. Curso de direito ambiental. S\u00e3o Paulo: Atlas, 2002. cap. 2, p.54-68.<\/p>\n<p>&nbsp;<\/p>\n<p>&nbsp;<\/p>\n<p>&nbsp;<\/p>\n<p><strong>PARTE DE PUBLICA\u00c7\u00c3O PERI\u00d3DICA (ARTIGO; SEPARATA)<\/strong><\/p>\n<p>&nbsp;<\/p>\n<p>Os meses seguem regras espec\u00edficas de acordo com a l\u00edngua do texto, de acordo com a tabela abaixo. Na L\u00edngua Portuguesa s\u00e3o abreviados at\u00e9 a terceira letra, exceto maio. SOBRENOME DO AUTOR, Nome. T\u00edtulo do artigo: subt\u00edtulo se houver. Nome do peri\u00f3dico, cidade, v. , n. , p. inicial \u2013 final, m\u00eas ano.<\/p>\n<p>&nbsp;<\/p>\n<p><strong>Exemplos:<\/strong><\/p>\n<p>BEST, K. J.; REIFFERSCHEID, K. J. Motivos do surgimento das drosses na produ\u00e7\u00e3o de ferro fundido nodular. Fundi\u00e7\u00e3o e Servi\u00e7os, S\u00e3o Paulo, v. 14, n.132, p. 16-30, dez. 2003.<\/p>\n<p>&nbsp;<\/p>\n<p>&nbsp;<\/p>\n<p>&nbsp;<\/p>\n<p><strong>TESES, DISSERTA\u00c7\u00d5ES E MONOGRAFIAS<\/strong><\/p>\n<p>&nbsp;<\/p>\n<p>&nbsp;<\/p>\n<p><strong>Tese<\/strong><br \/>\nSOBRENOME DO AUTOR, Nome. T\u00edtulo: subt\u00edtulo se houver.<br \/>\nAno de defesa. N\u00famero total de folhas. Tese (Doutorado em \u2018 \u00e1rea desenvolvida\u2019) \u2013 Nome da Faculdade, Nome da Universidade, cidade da Institui\u00e7\u00e3o, ano.<\/p>\n<p>&nbsp;<\/p>\n<p><strong>Exemplos:<\/strong><\/p>\n<p>ASSINE, M\u00e1rio Luis. Aspectos da estratigrafia das seq\u00fc\u00eancias pr\u00e9-carbon\u00edferas da Bacia do Paran\u00e1 no Brasil. 1996. 207 f. Tese (Doutorado em Geologia Sedimentar) \u2013 Faculdade de Geoci\u00eancias, Universidade de S\u00e3o Paulo, S\u00e3o Paulo, 1996.<\/p>\n<p>&nbsp;<\/p>\n<p>&nbsp;<\/p>\n<p>&nbsp;<\/p>\n<p><strong>Disserta\u00e7\u00e3o<\/strong><br \/>\nSOBRENOME DO AUTOR, Nome. T\u00edtulo: subt\u00edtulo se houver. Ano de defesa. N\u00famero total de folhas. Disserta\u00e7\u00e3o (Mestrado em \u2018 \u00e1rea da pesquisa\u2019) \u2013 Nome da Faculdade, Nome da Universidade, cidade da Institui\u00e7\u00e3o, ano.<\/p>\n<p>&nbsp;<\/p>\n<p><strong>Exemplos:<\/strong><\/p>\n<p>DEMARCHI, Clovis. Medida liminar em mandado de seguran\u00e7a no Direito Educacional. 1998. 166f. Disserta\u00e7\u00e3o (Mestrado em Ci\u00eancia Jur\u00eddica) \u2013 Faculdade de Direito, Universidade do Vale do Itaja\u00ed, Itaja\u00ed, 1998.<\/p>\n<p>&nbsp;<\/p>\n<p>&nbsp;<\/p>\n<p>&nbsp;<\/p>\n<p><strong>Monografia<\/strong><br \/>\nSOBRENOME DO AUTOR, Nome. T\u00edtulo: subt\u00edtulo se houver. Ano de defesa. N\u00famero total de folhas. Monografia (Especializa\u00e7\u00e3o em \u2018\u00e1rea da pesquisa\u2019) \u2013 Nome da Faculdade, Nome da Universidade, cidade da Institui\u00e7\u00e3o, ano.<\/p>\n<p>&nbsp;<\/p>\n<p><strong>Exemplos:<\/strong><\/p>\n<p>JARRETTA, Cl\u00e1udio Natal. Per\u00edcia cont\u00e1bil: um estudo contributivo ao aperfei\u00e7oamento do conte\u00fado program\u00e1tico aplic\u00e1vel ao curso de Ci\u00eancias Cont\u00e1beis. 1996. 59 f. Monografia (Especializa\u00e7\u00e3o em Ci\u00eancias Cont\u00e1beis) \u2013 Faculdade de Ci\u00eancias Humanas, Universidade de Mar\u00edlia, Mar\u00edlia, 1996.<\/p>\n<p>&nbsp;<\/p>\n<p>&nbsp;<\/p>\n<p>&nbsp;<\/p>\n<p><strong>ARTIGO PUBLICADO EM EVENTO<\/strong><\/p>\n<p>&nbsp;<\/p>\n<p>SOBRENOME DO AUTOR, Nome. T\u00edtulo do artigo: subt\u00edtulo se houver. In: NOME DO EVENTO, n\u00famero de edi\u00e7\u00e3o do evento em algarismo ar\u00e1bico correspondente \u00e0 sua edi\u00e7\u00e3o (a partir da segunda ocorr\u00eancia)., ano da realiza\u00e7\u00e3o do evento, cidade de realiza\u00e7\u00e3o do evento. Tipo de publica\u00e7\u00e3o\u2026 (Anais ou Resumos ou Proceedings) Cidade de publica\u00e7\u00e3o: Institui\u00e7\u00e3o editora, ano de publica\u00e7\u00e3o. p. inicial \u2013 final do artigo.<\/p>\n<p>&nbsp;<\/p>\n<p><strong>Exemplos:<\/strong><\/p>\n<p>CARVALHO, Margarida M. Utiliza\u00e7\u00e3o de sistemas silvipastoris. In: SIMP\u00d3SIO SOBRE ECOSSISTEMA DE PASTAGENS, 3., 1997, Jaboticabal. Anais\u2026 Jaboticabal: UNESP, 1997. p. 164-207.<\/p>\n<p>&nbsp;<\/p>\n<p>&nbsp;<\/p>\n<p>&nbsp;<\/p>\n<p><strong>INFORMA\u00c7\u00d5ES RETIRADAS DA INTERNET<\/strong><\/p>\n<p>&nbsp;<\/p>\n<p>&nbsp;<\/p>\n<p><strong>Publica\u00e7\u00e3o apenas via Internet\u00a0<\/strong><br \/>\nQuando a informa\u00e7\u00e3o est\u00e1 dispon\u00edvel apenas na Internet, segue o seguinte padr\u00e3o:<br \/>\n\u00daLTIMO SOBRENOME DO AUTOR, Nome. T\u00edtulo: subt\u00edtulo se houver. Dispon\u00edvel em: &lt;URL completa&gt;. Acesso em: dia m\u00eas (abreviado at\u00e9 a terceira letra, exceto maio) ano.<\/p>\n<p>&nbsp;<\/p>\n<p>&nbsp;<\/p>\n<p>&nbsp;<\/p>\n<p><strong>Publica\u00e7\u00e3o impressa em papel e via Internet\u00a0<\/strong><br \/>\nQuando est\u00e1 dispon\u00edvel em vers\u00e3o impressa faz-se primeiro a refer\u00eancia da publica\u00e7\u00e3o em papel (geralmente s\u00e3o publica\u00e7\u00f5es peri\u00f3dicas) e depois menciona o acesso atrav\u00e9s da Internet.<\/p>\n<p>\u00daLTIMO SOBRENOME DO AUTOR, Nome. T\u00edtulo: subt\u00edtulo se houver. Nome do peri\u00f3dico, cidade, v. , n. , p. inicial \u2013 final, m\u00eas(abreviado at\u00e9 a terceira letra, exceto maio) ano. Dispon\u00edvel em: &lt;URL completa&gt;. Acesso em: dia m\u00eas (abreviado at\u00e9 a terceira letra, exceto maio) ano.<\/p>\n<p>&nbsp;<\/p>\n<p><strong>Exemplos:<\/strong><\/p>\n<p>TEMPORAO, Jos\u00e9 Gomes. O mercado privado de vacinas no Brasil: a mercantiliza\u00e7\u00e3o no espa\u00e7o da preven\u00e7\u00e3o. Cad. Sa\u00fade P\u00fablica, Rio de Janeiro, v.19, n.5, set.\/out. 2003. Dispon\u00edvel em: &lt;http:\/\/www.scielo.br\/scielo.php?script=sci_arttext&amp;pid=S0102-311X2003000500011&amp;lng=pt&amp;nrm=iso&amp;tlng=pt&gt;. Acesso em: 9 fev. 2003.<\/p>\n<p>&nbsp;<\/p>\n<p>&nbsp;<\/p>\n<p>&nbsp;<\/p>\n<p><strong>IMAGEM (FITA DE V\u00cdDEO OU DVD)<\/strong><\/p>\n<p>T\u00edtulo: subt\u00edtulo se houver. Produ\u00e7\u00e3o de (nome em seq\u00fc\u00eancia direta). Cidade: Produtora, ano. Especifica\u00e7\u00e3o do tipo de suporte \u2013 fita de v\u00eddeo ou DVD).<br \/>\nSe houver necessidade, acrescentam-se informa\u00e7\u00f5es que poder\u00e3o contribuir para identifica\u00e7\u00e3o do material, como por exemplo, o tempo de dura\u00e7\u00e3o, colorido etc.<\/p>\n<p>&nbsp;<\/p>\n<p><strong>Exemplos:<\/strong><\/p>\n<p>AGROTURISMO: um novo conceito de neg\u00f3cio. Produ\u00e7\u00e3o de Eng\u00ba Marcos Orlando de Oliveira. Vit\u00f3ria: SEBRAE, 1999. 1 videocassete. (61 min).<\/p>\n<p>&nbsp;<\/p>\n<p>&nbsp;<\/p>\n<p>&nbsp;<\/p>\n<p><strong>CD ROM<\/strong><\/p>\n<p>GOODMAN &amp; Gilman\u2019s: the farmacological basis of therapeutics. 9th ed. New York: McGraw-Hill, 1996. 1 CD-ROM.<\/p>\n<p>&nbsp;<\/p>\n<table width=\"100%\" border=\"0\" cellspacing=\"1\" cellpadding=\"1\" bgcolor=\"#7FCFE3\">\n<tbody>\n<tr>\n<td align=\"center\" bgcolor=\"#005BAA\"><strong>M\u00eas<\/strong><\/td>\n<td align=\"center\" bgcolor=\"#005BAA\"><strong>Portugu\u00eas<\/strong><\/td>\n<td align=\"center\" bgcolor=\"#005BAA\"><strong>Espanhol<\/strong><\/td>\n<td align=\"center\" bgcolor=\"#005BAA\"><strong>Italiano<\/strong><\/td>\n<td align=\"center\" bgcolor=\"#005BAA\"><strong>Franc\u00eas<\/strong><\/td>\n<td align=\"center\" bgcolor=\"#005BAA\"><strong>Ingl\u00eas<\/strong><\/td>\n<td align=\"center\" bgcolor=\"#005BAA\"><strong>Alem\u00e3o<\/strong><\/td>\n<\/tr>\n<tr>\n<td align=\"center\">Janeiro<\/td>\n<td align=\"center\">jan.<\/td>\n<td align=\"center\">enero<\/td>\n<td align=\"center\">genn.<\/td>\n<td align=\"center\">janv.<\/td>\n<td align=\"center\">Jan.<\/td>\n<td align=\"center\">Jan.<\/td>\n<\/tr>\n<tr>\n<td align=\"center\" bgcolor=\"#FFFFFF\">Fevereiro<\/td>\n<td align=\"center\" bgcolor=\"#FFFFFF\">fev.<\/td>\n<td align=\"center\" bgcolor=\"#FFFFFF\">feb.<\/td>\n<td align=\"center\" bgcolor=\"#FFFFFF\">febbr.<\/td>\n<td align=\"center\" bgcolor=\"#FFFFFF\">f\u00e9vr.<\/td>\n<td align=\"center\" bgcolor=\"#FFFFFF\">Feb.<\/td>\n<td align=\"center\" bgcolor=\"#FFFFFF\">Feb.<\/td>\n<\/tr>\n<tr>\n<td align=\"center\">Mar\u00e7o<\/td>\n<td align=\"center\">mar.<\/td>\n<td align=\"center\">marzo<\/td>\n<td align=\"center\">mar.<\/td>\n<td align=\"center\">mars<\/td>\n<td align=\"center\">Mar.<\/td>\n<td align=\"center\">M\u00e4rz<\/td>\n<\/tr>\n<tr>\n<td align=\"center\" bgcolor=\"#FFFFFF\">Abril<\/td>\n<td align=\"center\" bgcolor=\"#FFFFFF\">abr.<\/td>\n<td align=\"center\" bgcolor=\"#FFFFFF\">abr.<\/td>\n<td align=\"center\" bgcolor=\"#FFFFFF\">apr.<\/td>\n<td align=\"center\" bgcolor=\"#FFFFFF\">avril<\/td>\n<td align=\"center\" bgcolor=\"#FFFFFF\">Apr.<\/td>\n<td align=\"center\" bgcolor=\"#FFFFFF\">Apr.<\/td>\n<\/tr>\n<tr>\n<td align=\"center\">Maio<\/td>\n<td align=\"center\">maio<\/td>\n<td align=\"center\">mayo<\/td>\n<td align=\"center\">magg.<\/td>\n<td align=\"center\">mai<\/td>\n<td align=\"center\">May<\/td>\n<td align=\"center\">Mai<\/td>\n<\/tr>\n<tr>\n<td align=\"center\" bgcolor=\"#FFFFFF\">Junho<\/td>\n<td align=\"center\" bgcolor=\"#FFFFFF\">jun.<\/td>\n<td align=\"center\" bgcolor=\"#FFFFFF\">jun.<\/td>\n<td align=\"center\" bgcolor=\"#FFFFFF\">giugno<\/td>\n<td align=\"center\" bgcolor=\"#FFFFFF\">juin<\/td>\n<td align=\"center\" bgcolor=\"#FFFFFF\">June<\/td>\n<td align=\"center\" bgcolor=\"#FFFFFF\">Juni<\/td>\n<\/tr>\n<tr>\n<td align=\"center\">Julho<\/td>\n<td align=\"center\">jul.<\/td>\n<td align=\"center\">jul.<\/td>\n<td align=\"center\">luglio<\/td>\n<td align=\"center\">juil.<\/td>\n<td align=\"center\">July<\/td>\n<td align=\"center\">Juli<\/td>\n<\/tr>\n<tr>\n<td align=\"center\" bgcolor=\"#FFFFFF\">Agosto<\/td>\n<td align=\"center\" bgcolor=\"#FFFFFF\">ago.<\/td>\n<td align=\"center\" bgcolor=\"#FFFFFF\">agosto<\/td>\n<td align=\"center\" bgcolor=\"#FFFFFF\">ag.<\/td>\n<td align=\"center\" bgcolor=\"#FFFFFF\">ao\u00fbt<\/td>\n<td align=\"center\" bgcolor=\"#FFFFFF\">Aug.<\/td>\n<td align=\"center\" bgcolor=\"#FFFFFF\">Aug.<\/td>\n<\/tr>\n<tr>\n<td align=\"center\">Setembro<\/td>\n<td align=\"center\">set.<\/td>\n<td align=\"center\">sept.<\/td>\n<td align=\"center\">sett.<\/td>\n<td align=\"center\">sept.<\/td>\n<td align=\"center\">Sept.<\/td>\n<td align=\"center\">Sept.<\/td>\n<\/tr>\n<tr>\n<td align=\"center\" bgcolor=\"#FFFFFF\">Outubro<\/td>\n<td align=\"center\" bgcolor=\"#FFFFFF\">out.<\/td>\n<td align=\"center\" bgcolor=\"#FFFFFF\">oct.<\/td>\n<td align=\"center\" bgcolor=\"#FFFFFF\">ott.<\/td>\n<td align=\"center\" bgcolor=\"#FFFFFF\">oct.<\/td>\n<td align=\"center\" bgcolor=\"#FFFFFF\">Oct.<\/td>\n<td align=\"center\" bgcolor=\"#FFFFFF\">Okt.<\/td>\n<\/tr>\n<tr>\n<td align=\"center\">Novembro<\/td>\n<td align=\"center\">nov.<\/td>\n<td align=\"center\">nov.<\/td>\n<td align=\"center\">nov.<\/td>\n<td align=\"center\">nov.<\/td>\n<td align=\"center\">Nov.<\/td>\n<td align=\"center\">Nov.<\/td>\n<\/tr>\n<tr>\n<td align=\"center\" bgcolor=\"#FFFFFF\">Dezembro<\/td>\n<td align=\"center\" bgcolor=\"#FFFFFF\">dez.<\/td>\n<td align=\"center\" bgcolor=\"#FFFFFF\">dic.<\/td>\n<td align=\"center\" bgcolor=\"#FFFFFF\">dic.<\/td>\n<td align=\"center\" bgcolor=\"#FFFFFF\">d\u00e9c.<\/td>\n<td align=\"center\" bgcolor=\"#FFFFFF\">Dec.<\/td>\n<td align=\"center\" bgcolor=\"#FFFFFF\">Dez.<\/td>\n<\/tr>\n<\/tbody>\n<\/table>\n<p>&nbsp;<\/p>\n<p>&nbsp;<\/p>\n<p><strong>\u00c9 importante destacar duas caracter\u00edsticas marcantes na men\u00e7\u00e3o aos meses:<\/strong><\/p>\n<p>Em fun\u00e7\u00e3o da quantidade de caracteres, alguns meses s\u00e3o abreviados e sempre dever\u00e1 aparecer o ponto \u201c.\u201d indicando ser uma palavra abreviada e, consequentemente quando a palavra aparecer inteira sem abrevia\u00e7\u00e3o, dever\u00e1 tamb\u00e9m estar sem o ponto.<br \/>\nA letra inicial varia de min\u00fascula para mai\u00fascula de acordo com a l\u00edngua do texto, por tanto \u00e9 essencial observar a tabela.<\/p>\n","protected":false},"excerpt":{"rendered":"<p>LIVROS &nbsp; SOBRENOME DO AUTOR, Nome. T\u00edtulo: subt\u00edtulo se houver (opcianal). N\u00famero da edi\u00e7\u00e3o (quando \u00e9 a primeira edi\u00e7\u00e3o, geralmente n\u00e3o \u00e9 mencionado na publica\u00e7\u00e3o, mas se houver, na refer\u00eancia bibliogr\u00e1fica nunca dever\u00e1 existir esta informa\u00e7\u00e3o). Cidade: Nome da editora, ano de publica\u00e7\u00e3o. N\u00famero total de p\u00e1ginas.Se existir um nome que destingue o grau de parentesco ele dever\u00e1 ser mencionado logo em seguida do nome da fam\u00edlia. A partir de 04 autores menciona-se apenas o primeiro autor e em seguida a express\u00e3o et al. (que \u00e9 abreviada da express\u00e3o et alli, e significa \u2018e outros\u2019). &nbsp; Exemplos: 01 autor CRETELLA J\u00daNIOR, Jos\u00e9. Pr\u00e1tica do processo administrativo. S\u00e3o Paulo: Revista dos Tribunais, 1988. 184 p. 2 autores MIRANDA J\u00daNIOR, Darcy Arruda; KUGELMAS, Alfredo Luiz. Lei de luvas: jurisprud\u00eancia. S\u00e3o Paulo: Revista dos Tribunais, 1988. 436 p. 3 autores AIACHE, J. M.; AIACHE, S.; RENOUX, R. Inicia\u00e7\u00e3o ao conhecimento do medicamento. 2. ed. S\u00e3o Paulo: Organiza\u00e7\u00e3o Andrei, 1998. 377 p. A partir de 04 autores menciona-se apenas o primeiro autor e em seguida a express\u00e3o et al. JANICAK, Philip G. et al. Princ\u00edpios e pr\u00e1tica da psicofarmacoterapia. Rio de Janeiro: Medsi, 1996. 540 p &nbsp; &nbsp; &nbsp; PARTE DE LIVRO &nbsp; Cap\u00edtulo de livro com autores diferentes SOBRENOME DO AUTOR, Nome. T\u00edtulo do cap\u00edtulo. In: \u00daLTIMO SOBRENOME DO AUTOR, Nome. T\u00edtulo do livro: subt\u00edtulo se houver. N\u00famero da edi\u00e7\u00e3o. Cidade: Nome da editora, ano de publica\u00e7\u00e3o. p. n\u00famero da p\u00e1gina ou intervalo utilizado. &nbsp; Exemplos: MAYER, Robert J. Neoplasias do es\u00f4fago e do est\u00f4mago. In: ISSELBACHER, Kurt J. et al (Ed.) Harrison: medicina interna. 13. ed. Rio de Janeiro: McGraw-Hill, 1995. cap. 253, p. 1450-1454. Cap\u00edtulo de livro com o mesmo autor (para facilitar \u00e9 poss\u00edvel utilizar o tra\u00e7o sublinear com 06 toques, identificando a repeti\u00e7\u00e3o do autor). &nbsp; SOBRENOME DO AUTOR, Nome. T\u00edtulo do cap\u00edtulo. In: ______. T\u00edtulo: subt\u00edtulo se houver. N\u00famero da edi\u00e7\u00e3o. Cidade: Nome da editora, ano de publica\u00e7\u00e3o. N\u00famero da p\u00e1gina ou intervalo utilizado. &nbsp; Exemplos: MORAES, Lu\u00eds Carlos Silva de. Compet\u00eancia legislativa. In: ______. Curso de direito ambiental. S\u00e3o Paulo: Atlas, 2002. cap. 2, p.54-68. &nbsp; &nbsp; &nbsp; PARTE DE PUBLICA\u00c7\u00c3O PERI\u00d3DICA (ARTIGO; SEPARATA) &nbsp; Os meses seguem regras espec\u00edficas de acordo com a l\u00edngua do texto, de acordo com a tabela abaixo. Na L\u00edngua Portuguesa s\u00e3o abreviados at\u00e9 a terceira letra, exceto maio. SOBRENOME DO AUTOR, Nome. T\u00edtulo do artigo: subt\u00edtulo se houver. Nome do peri\u00f3dico, cidade, v. , n. , p. inicial \u2013 final, m\u00eas ano. &nbsp; Exemplos: BEST, K. J.; REIFFERSCHEID, K. J. Motivos do surgimento das drosses na produ\u00e7\u00e3o de ferro fundido nodular. Fundi\u00e7\u00e3o e Servi\u00e7os, S\u00e3o Paulo, v. 14, n.132, p. 16-30, dez. 2003. &nbsp; &nbsp; &nbsp; TESES, DISSERTA\u00c7\u00d5ES E MONOGRAFIAS &nbsp; &nbsp; Tese SOBRENOME DO AUTOR, Nome. T\u00edtulo: subt\u00edtulo se houver. Ano de defesa. N\u00famero total de folhas. Tese (Doutorado em \u2018 \u00e1rea desenvolvida\u2019) \u2013 Nome da Faculdade, Nome da Universidade, cidade da Institui\u00e7\u00e3o, ano. &nbsp; Exemplos: ASSINE, M\u00e1rio Luis. Aspectos da estratigrafia das seq\u00fc\u00eancias pr\u00e9-carbon\u00edferas da Bacia do Paran\u00e1 no Brasil. 1996. 207 f. Tese (Doutorado em Geologia Sedimentar) \u2013 Faculdade de Geoci\u00eancias, Universidade de S\u00e3o Paulo, S\u00e3o Paulo, 1996. &nbsp; &nbsp; &nbsp; Disserta\u00e7\u00e3o SOBRENOME DO AUTOR, Nome. T\u00edtulo: subt\u00edtulo se houver. Ano de defesa. N\u00famero total de folhas. Disserta\u00e7\u00e3o (Mestrado em \u2018 \u00e1rea da pesquisa\u2019) \u2013 Nome da Faculdade, Nome da Universidade, cidade da Institui\u00e7\u00e3o, ano. &nbsp; Exemplos: DEMARCHI, Clovis. Medida liminar em mandado de seguran\u00e7a no Direito Educacional. 1998. 166f. Disserta\u00e7\u00e3o (Mestrado em Ci\u00eancia Jur\u00eddica) \u2013 Faculdade de Direito, Universidade do Vale do Itaja\u00ed, Itaja\u00ed, 1998. &nbsp; &nbsp; &nbsp; Monografia SOBRENOME DO AUTOR, Nome. T\u00edtulo: subt\u00edtulo se houver. Ano de defesa. N\u00famero total de folhas. Monografia (Especializa\u00e7\u00e3o em \u2018\u00e1rea da pesquisa\u2019) \u2013 Nome da Faculdade, Nome da Universidade, cidade da Institui\u00e7\u00e3o, ano. &nbsp; Exemplos: JARRETTA, Cl\u00e1udio Natal. Per\u00edcia cont\u00e1bil: um estudo contributivo ao aperfei\u00e7oamento do conte\u00fado program\u00e1tico aplic\u00e1vel ao curso de Ci\u00eancias Cont\u00e1beis. 1996. 59 f. Monografia (Especializa\u00e7\u00e3o em Ci\u00eancias Cont\u00e1beis) \u2013 Faculdade de Ci\u00eancias Humanas, Universidade de Mar\u00edlia, Mar\u00edlia, 1996. &nbsp; &nbsp; &nbsp; ARTIGO PUBLICADO EM EVENTO &nbsp; SOBRENOME DO AUTOR, Nome. T\u00edtulo do artigo: subt\u00edtulo se houver. In: NOME DO EVENTO, n\u00famero de edi\u00e7\u00e3o do evento em algarismo ar\u00e1bico correspondente \u00e0 sua edi\u00e7\u00e3o (a partir da segunda ocorr\u00eancia)., ano da realiza\u00e7\u00e3o do evento, cidade de realiza\u00e7\u00e3o do evento. Tipo de publica\u00e7\u00e3o\u2026 (Anais ou Resumos ou Proceedings) Cidade de publica\u00e7\u00e3o: Institui\u00e7\u00e3o editora, ano de publica\u00e7\u00e3o. p. inicial \u2013 final do artigo. &nbsp; Exemplos: CARVALHO, Margarida M. Utiliza\u00e7\u00e3o de sistemas silvipastoris. In: SIMP\u00d3SIO SOBRE ECOSSISTEMA DE PASTAGENS, 3., 1997, Jaboticabal. Anais\u2026 Jaboticabal: UNESP, 1997. p. 164-207. &nbsp; &nbsp; &nbsp; INFORMA\u00c7\u00d5ES RETIRADAS DA INTERNET &nbsp; &nbsp; Publica\u00e7\u00e3o apenas via Internet\u00a0 Quando a informa\u00e7\u00e3o est\u00e1 dispon\u00edvel apenas na Internet, segue o seguinte padr\u00e3o: \u00daLTIMO SOBRENOME DO AUTOR, Nome. T\u00edtulo: subt\u00edtulo se houver. Dispon\u00edvel em: &lt;URL completa&gt;. Acesso em: dia m\u00eas (abreviado at\u00e9 a terceira letra, exceto maio) ano. &nbsp; &nbsp; &nbsp; Publica\u00e7\u00e3o impressa em papel e via Internet\u00a0 Quando est\u00e1 dispon\u00edvel em vers\u00e3o impressa faz-se primeiro a refer\u00eancia da publica\u00e7\u00e3o em papel (geralmente s\u00e3o publica\u00e7\u00f5es peri\u00f3dicas) e depois menciona o acesso atrav\u00e9s da Internet. \u00daLTIMO SOBRENOME DO AUTOR, Nome. T\u00edtulo: subt\u00edtulo se houver. Nome do peri\u00f3dico, cidade, v. , n. , p. inicial \u2013 final, m\u00eas(abreviado at\u00e9 a terceira letra, exceto maio) ano. Dispon\u00edvel em: &lt;URL completa&gt;. Acesso em: dia m\u00eas (abreviado at\u00e9 a terceira letra, exceto maio) ano. &nbsp; Exemplos: TEMPORAO, Jos\u00e9 Gomes. O mercado privado de vacinas no Brasil: a mercantiliza\u00e7\u00e3o no espa\u00e7o da preven\u00e7\u00e3o. Cad. Sa\u00fade P\u00fablica, Rio de Janeiro, v.19, n.5, set.\/out. 2003. Dispon\u00edvel em: &lt;http:\/\/www.scielo.br\/scielo.php?script=sci_arttext&amp;pid=S0102-311X2003000500011&amp;lng=pt&amp;nrm=iso&amp;tlng=pt&gt;. Acesso em: 9 fev. 2003. &nbsp; &nbsp; &nbsp; IMAGEM (FITA DE V\u00cdDEO OU DVD) T\u00edtulo: subt\u00edtulo se houver. Produ\u00e7\u00e3o de (nome em seq\u00fc\u00eancia direta). Cidade: Produtora, ano. Especifica\u00e7\u00e3o do tipo de suporte \u2013 fita de v\u00eddeo ou DVD). Se houver necessidade, acrescentam-se informa\u00e7\u00f5es que poder\u00e3o contribuir para identifica\u00e7\u00e3o do material, como por exemplo, o tempo de dura\u00e7\u00e3o, colorido etc. &nbsp; Exemplos: AGROTURISMO: um novo conceito de neg\u00f3cio. Produ\u00e7\u00e3o de Eng\u00ba Marcos Orlando de Oliveira. Vit\u00f3ria: SEBRAE, 1999. 1 videocassete. (61 [&hellip;]<\/p>\n","protected":false},"author":1,"featured_media":0,"parent":0,"menu_order":0,"comment_status":"closed","ping_status":"closed","template":"","meta":{"footnotes":""},"class_list":["post-67","page","type-page","status-publish","hentry"],"_links":{"self":[{"href":"http:\/\/reges.com.br\/realeza\/wp-json\/wp\/v2\/pages\/67","targetHints":{"allow":["GET"]}}],"collection":[{"href":"http:\/\/reges.com.br\/realeza\/wp-json\/wp\/v2\/pages"}],"about":[{"href":"http:\/\/reges.com.br\/realeza\/wp-json\/wp\/v2\/types\/page"}],"author":[{"embeddable":true,"href":"http:\/\/reges.com.br\/realeza\/wp-json\/wp\/v2\/users\/1"}],"replies":[{"embeddable":true,"href":"http:\/\/reges.com.br\/realeza\/wp-json\/wp\/v2\/comments?post=67"}],"version-history":[{"count":1,"href":"http:\/\/reges.com.br\/realeza\/wp-json\/wp\/v2\/pages\/67\/revisions"}],"predecessor-version":[{"id":69,"href":"http:\/\/reges.com.br\/realeza\/wp-json\/wp\/v2\/pages\/67\/revisions\/69"}],"wp:attachment":[{"href":"http:\/\/reges.com.br\/realeza\/wp-json\/wp\/v2\/media?parent=67"}],"curies":[{"name":"wp","href":"https:\/\/api.w.org\/{rel}","templated":true}]}}