{"id":64,"date":"2012-10-05T16:24:31","date_gmt":"2012-10-05T19:24:31","guid":{"rendered":"http:\/\/reges.com.br\/realeza\/?page_id=64"},"modified":"2012-10-05T16:24:31","modified_gmt":"2012-10-05T19:24:31","slug":"servicos","status":"publish","type":"page","link":"http:\/\/reges.com.br\/realeza\/servicos\/","title":{"rendered":"Servi\u00e7os"},"content":{"rendered":"<p><strong>Empr\u00e9stimo Consulta:<\/strong><\/p>\n<p>Possibilita o acesso direto a todas as obras da Biblioteca para consulta interna.<\/p>\n<p>&nbsp;<\/p>\n<p><strong>Material audio-visual:<\/strong><\/p>\n<p>A Biblioteca possui amplo acervo de material \u00e1udio-visual para consulta atrav\u00e9s de televisores com videocassete\/dvd instalados na pr\u00f3pria biblioteca.<\/p>\n<p>&nbsp;<\/p>\n<p><strong>Orienta\u00e7\u00e3o bibliogr\u00e1fica:<\/strong><\/p>\n<p>Orienta\u00e7\u00e3o para o desenvolvimento do trabalho ou formata\u00e7\u00e3o, seguindo as normas da ABNT.<\/p>\n<p>&nbsp;<\/p>\n<p><strong>Ficha catalogr\u00e1fica:<\/strong><\/p>\n<p>Elabora\u00e7\u00e3o da ficha catalogr\u00e1fica para as disserta\u00e7\u00f5es dos Programas de Mestrado.<\/p>\n<p>&nbsp;<\/p>\n<p><strong>Pesquisa em Bases de Dados, Bibliotecas Virtuais e Peri\u00f3dicos on-line:<\/strong><\/p>\n<p>As bases de dados, bibliotecas virtuais e peri\u00f3dicos on-line ficam dispon\u00edveis com os links no pr\u00f3prio site e o usu\u00e1rio tem acesso atrav\u00e9s dos microcomputadores instalados na pr\u00f3pria biblioteca ou em qualquer microcomputador conectado \u00e0 internet.<\/p>\n<p>&nbsp;<\/p>\n<p><strong>Microcomputadores para pesquisa acad\u00eamica:<\/strong><\/p>\n<p>Os microcomputadores est\u00e3o dispon\u00edveis nas bibliotecas para consulta acad\u00eamica e elabora\u00e7\u00e3o de trabalhos, com conex\u00e3o permanente \u00e0 internet atrav\u00e9s de link pr\u00f3prio, podendo ser utilizados por todos os alunos.<\/p>\n<p>&nbsp;<\/p>\n<p><strong>Televisores com videocassete\/DVD:<\/strong><\/p>\n<p>Os televisores, equipados com videocassetes e DVDs, ficam dispon\u00edveis nas bibliotecas para consulta ao material \u00e1udio-visual. Possuem fones de ouvido para maior privacidade.<\/p>\n<p>&nbsp;<\/p>\n<p><strong>Acesso \u00e0 internet sem fio:<\/strong><\/p>\n<p>A \u00e1rea das bibliotecas possui a mais moderna tecnologia de acesso \u00e0 internet wi-fi. Atrav\u00e9s de notebook ou palmtop, os alunos e professores podem ter acesso \u00e0 internet sem a necessidade de conex\u00e3o de cabos.<\/p>\n","protected":false},"excerpt":{"rendered":"<p>Empr\u00e9stimo Consulta: Possibilita o acesso direto a todas as obras da Biblioteca para consulta interna. &nbsp; Material audio-visual: A Biblioteca possui amplo acervo de material \u00e1udio-visual para consulta atrav\u00e9s de televisores com videocassete\/dvd instalados na pr\u00f3pria biblioteca. &nbsp; Orienta\u00e7\u00e3o bibliogr\u00e1fica: Orienta\u00e7\u00e3o para o desenvolvimento do trabalho ou formata\u00e7\u00e3o, seguindo as normas da ABNT. &nbsp; Ficha catalogr\u00e1fica: Elabora\u00e7\u00e3o da ficha catalogr\u00e1fica para as disserta\u00e7\u00f5es dos Programas de Mestrado. &nbsp; Pesquisa em Bases de Dados, Bibliotecas Virtuais e Peri\u00f3dicos on-line: As bases de dados, bibliotecas virtuais e peri\u00f3dicos on-line ficam dispon\u00edveis com os links no pr\u00f3prio site e o usu\u00e1rio tem acesso atrav\u00e9s dos microcomputadores instalados na pr\u00f3pria biblioteca ou em qualquer microcomputador conectado \u00e0 internet. &nbsp; Microcomputadores para pesquisa acad\u00eamica: Os microcomputadores est\u00e3o dispon\u00edveis nas bibliotecas para consulta acad\u00eamica e elabora\u00e7\u00e3o de trabalhos, com conex\u00e3o permanente \u00e0 internet atrav\u00e9s de link pr\u00f3prio, podendo ser utilizados por todos os alunos. &nbsp; Televisores com videocassete\/DVD: Os televisores, equipados com videocassetes e DVDs, ficam dispon\u00edveis nas bibliotecas para consulta ao material \u00e1udio-visual. Possuem fones de ouvido para maior privacidade. &nbsp; Acesso \u00e0 internet sem fio: A \u00e1rea das bibliotecas possui a mais moderna tecnologia de acesso \u00e0 internet wi-fi. Atrav\u00e9s de notebook ou palmtop, os alunos e professores podem ter acesso \u00e0 internet sem a necessidade de conex\u00e3o de cabos.<\/p>\n","protected":false},"author":1,"featured_media":0,"parent":0,"menu_order":0,"comment_status":"closed","ping_status":"closed","template":"","meta":{"footnotes":""},"class_list":["post-64","page","type-page","status-publish","hentry"],"_links":{"self":[{"href":"http:\/\/reges.com.br\/realeza\/wp-json\/wp\/v2\/pages\/64","targetHints":{"allow":["GET"]}}],"collection":[{"href":"http:\/\/reges.com.br\/realeza\/wp-json\/wp\/v2\/pages"}],"about":[{"href":"http:\/\/reges.com.br\/realeza\/wp-json\/wp\/v2\/types\/page"}],"author":[{"embeddable":true,"href":"http:\/\/reges.com.br\/realeza\/wp-json\/wp\/v2\/users\/1"}],"replies":[{"embeddable":true,"href":"http:\/\/reges.com.br\/realeza\/wp-json\/wp\/v2\/comments?post=64"}],"version-history":[{"count":1,"href":"http:\/\/reges.com.br\/realeza\/wp-json\/wp\/v2\/pages\/64\/revisions"}],"predecessor-version":[{"id":66,"href":"http:\/\/reges.com.br\/realeza\/wp-json\/wp\/v2\/pages\/64\/revisions\/66"}],"wp:attachment":[{"href":"http:\/\/reges.com.br\/realeza\/wp-json\/wp\/v2\/media?parent=64"}],"curies":[{"name":"wp","href":"https:\/\/api.w.org\/{rel}","templated":true}]}}