{"id":57,"date":"2012-10-05T16:21:57","date_gmt":"2012-10-05T19:21:57","guid":{"rendered":"http:\/\/reges.com.br\/realeza\/?page_id=57"},"modified":"2012-10-05T16:21:57","modified_gmt":"2012-10-05T19:21:57","slug":"biblioteca","status":"publish","type":"page","link":"http:\/\/reges.com.br\/realeza\/biblioteca\/","title":{"rendered":"Biblioteca"},"content":{"rendered":"<p>A\u00a0<strong>Biblioteca Liliana Gonzaga<\/strong>\u00a0adota, para a classifica\u00e7\u00e3o de seu acervo, o Sistema Decimal Dewey (CDD). As obras s\u00e3o catalogadas segundo as determina\u00e7\u00f5es do sistema informatizado de gest\u00e3o da biblioteca. O sistema informatizado de gest\u00e3o atende ao cadastro de livros, peri\u00f3dicos e \u00f3rg\u00e3os publicadores. Al\u00e9m da emiss\u00e3o de uma s\u00e9rie de relat\u00f3rios voltados para a administra\u00e7\u00e3o e disponibiliza\u00e7\u00e3o de informa\u00e7\u00f5es sobre o acervo cadastrado, esse sistema tamb\u00e9m cadastra todas as informa\u00e7\u00f5es imprescind\u00edveis para uma administra\u00e7\u00e3o eficiente de toda uma base de dados de artigos publicados em peri\u00f3dicos.<\/p>\n<div><\/div>\n<div><\/div>\n<div><strong>A Biblioteca conta com:<\/strong><\/div>\n<div><\/div>\n<div>&#8211; Amplo, diversificado e atualizado acervo de livros, peri\u00f3dicos, v\u00eddeos, entre outros materiais para pesquisa acad\u00eamica;<\/div>\n<div><\/div>\n<div>&#8211; Locais para a realiza\u00e7\u00e3o de pesquisas e estudos individualizados;<\/div>\n<div><\/div>\n<div>&#8211; Mesas para pesquisas em grupos.<\/div>\n<div><\/div>\n<div>&#8211; Amplo acervo, videoteca, DVDs e t\u00edtulos de peri\u00f3dicos das \u00e1reas de ci\u00eancias cont\u00e1beis e administra\u00e7\u00e3o, e oferece os seguintes servi\u00e7os aos seus usu\u00e1rios:<\/div>\n<div><\/div>\n<div>&#8211; Refer\u00eancia: atendimento e orienta\u00e7\u00e3o ao usu\u00e1rio;<\/div>\n<div><\/div>\n<div>&#8211; Internet: possui terminais de computadores, conectados 24 horas;<\/div>\n<div><\/div>\n<div>&#8211; COMUT: programa que permite aos usu\u00e1rios a obten\u00e7\u00e3o de c\u00f3pias de artigos de peri\u00f3dicos, teses e anais de congressos;<\/div>\n<div><\/div>\n<div>&#8211; Levantamento bibliogr\u00e1fico: levantamento de obras existentes sobre um determinado assunto;<\/div>\n<div><\/div>\n<div>&#8211; DSI (Dissemina\u00e7\u00e3o Seletiva da Informa\u00e7\u00e3o): servi\u00e7o mensal de alerta, que tem por objetivo divulgar, junto aos docentes, os sum\u00e1rios dos principais t\u00edtulos de peri\u00f3dicos recebidos pela biblioteca.<\/div>\n<div><\/div>\n<div><\/div>\n<div>A Biblioteca, como instrumento de apoio indispens\u00e1vel ao desenvolvimento das fun\u00e7\u00f5es das Institui\u00e7\u00f5es, merece aten\u00e7\u00e3o especial, seja na adequa\u00e7\u00e3o do seu espa\u00e7o f\u00edsico e no aumento e na qualifica\u00e7\u00e3o de seus recursos humanos, seja na implanta\u00e7\u00e3o de sua informatiza\u00e7\u00e3o.<\/div>\n<div><\/div>\n<div><\/div>\n<div>A Biblioteca tem, em seus quadros, profissional legalmente habilitado (bibliotec\u00e1rio), que responde pela sua administra\u00e7\u00e3o e funcion\u00e1rios suficientes para prestar atendimento \u00e0 comunidade acad\u00eamica e externa.<\/div>\n","protected":false},"excerpt":{"rendered":"<p>A\u00a0Biblioteca Liliana Gonzaga\u00a0adota, para a classifica\u00e7\u00e3o de seu acervo, o Sistema Decimal Dewey (CDD). As obras s\u00e3o catalogadas segundo as determina\u00e7\u00f5es do sistema informatizado de gest\u00e3o da biblioteca. O sistema informatizado de gest\u00e3o atende ao cadastro de livros, peri\u00f3dicos e \u00f3rg\u00e3os publicadores. Al\u00e9m da emiss\u00e3o de uma s\u00e9rie de relat\u00f3rios voltados para a administra\u00e7\u00e3o e disponibiliza\u00e7\u00e3o de informa\u00e7\u00f5es sobre o acervo cadastrado, esse sistema tamb\u00e9m cadastra todas as informa\u00e7\u00f5es imprescind\u00edveis para uma administra\u00e7\u00e3o eficiente de toda uma base de dados de artigos publicados em peri\u00f3dicos. A Biblioteca conta com: &#8211; Amplo, diversificado e atualizado acervo de livros, peri\u00f3dicos, v\u00eddeos, entre outros materiais para pesquisa acad\u00eamica; &#8211; Locais para a realiza\u00e7\u00e3o de pesquisas e estudos individualizados; &#8211; Mesas para pesquisas em grupos. &#8211; Amplo acervo, videoteca, DVDs e t\u00edtulos de peri\u00f3dicos das \u00e1reas de ci\u00eancias cont\u00e1beis e administra\u00e7\u00e3o, e oferece os seguintes servi\u00e7os aos seus usu\u00e1rios: &#8211; Refer\u00eancia: atendimento e orienta\u00e7\u00e3o ao usu\u00e1rio; &#8211; Internet: possui terminais de computadores, conectados 24 horas; &#8211; COMUT: programa que permite aos usu\u00e1rios a obten\u00e7\u00e3o de c\u00f3pias de artigos de peri\u00f3dicos, teses e anais de congressos; &#8211; Levantamento bibliogr\u00e1fico: levantamento de obras existentes sobre um determinado assunto; &#8211; DSI (Dissemina\u00e7\u00e3o Seletiva da Informa\u00e7\u00e3o): servi\u00e7o mensal de alerta, que tem por objetivo divulgar, junto aos docentes, os sum\u00e1rios dos principais t\u00edtulos de peri\u00f3dicos recebidos pela biblioteca. A Biblioteca, como instrumento de apoio indispens\u00e1vel ao desenvolvimento das fun\u00e7\u00f5es das Institui\u00e7\u00f5es, merece aten\u00e7\u00e3o especial, seja na adequa\u00e7\u00e3o do seu espa\u00e7o f\u00edsico e no aumento e na qualifica\u00e7\u00e3o de seus recursos humanos, seja na implanta\u00e7\u00e3o de sua informatiza\u00e7\u00e3o. A Biblioteca tem, em seus quadros, profissional legalmente habilitado (bibliotec\u00e1rio), que responde pela sua administra\u00e7\u00e3o e funcion\u00e1rios suficientes para prestar atendimento \u00e0 comunidade acad\u00eamica e externa.<\/p>\n","protected":false},"author":1,"featured_media":0,"parent":0,"menu_order":0,"comment_status":"closed","ping_status":"closed","template":"","meta":{"footnotes":""},"class_list":["post-57","page","type-page","status-publish","hentry"],"_links":{"self":[{"href":"http:\/\/reges.com.br\/realeza\/wp-json\/wp\/v2\/pages\/57","targetHints":{"allow":["GET"]}}],"collection":[{"href":"http:\/\/reges.com.br\/realeza\/wp-json\/wp\/v2\/pages"}],"about":[{"href":"http:\/\/reges.com.br\/realeza\/wp-json\/wp\/v2\/types\/page"}],"author":[{"embeddable":true,"href":"http:\/\/reges.com.br\/realeza\/wp-json\/wp\/v2\/users\/1"}],"replies":[{"embeddable":true,"href":"http:\/\/reges.com.br\/realeza\/wp-json\/wp\/v2\/comments?post=57"}],"version-history":[{"count":2,"href":"http:\/\/reges.com.br\/realeza\/wp-json\/wp\/v2\/pages\/57\/revisions"}],"predecessor-version":[{"id":60,"href":"http:\/\/reges.com.br\/realeza\/wp-json\/wp\/v2\/pages\/57\/revisions\/60"}],"wp:attachment":[{"href":"http:\/\/reges.com.br\/realeza\/wp-json\/wp\/v2\/media?parent=57"}],"curies":[{"name":"wp","href":"https:\/\/api.w.org\/{rel}","templated":true}]}}