{"id":3534,"date":"2023-05-08T10:05:23","date_gmt":"2023-05-08T13:05:23","guid":{"rendered":"http:\/\/reges.com.br\/realeza\/?page_id=3534"},"modified":"2023-05-08T10:42:33","modified_gmt":"2023-05-08T13:42:33","slug":"regulamentos","status":"publish","type":"page","link":"http:\/\/reges.com.br\/realeza\/regulamentos\/","title":{"rendered":"Regulamentos"},"content":{"rendered":"\n<p><strong>Regimento da Faculdade REGES de Realeza<\/strong><br><a href=\"http:\/\/reges.com.br\/realeza\/regimentodafaculdade\/\" class=\"gdl-button shortcode-medium-button\" style=\"color:#COLOR_CODE; background-color:#81c73c; border-color:#7bbd39; \">VER REGIMENTO<\/a><\/p>\n\n\n\n<p><strong>Plano de Desenvolvimento Institucional 2017 &#8211; 2021<\/strong><br><a href=\"http:\/\/reges.com.br\/realeza\/pdi\/\" class=\"gdl-button shortcode-medium-button\" style=\"color:#COLOR_CODE; background-color:#81c73c; border-color:#7bbd39; \">VER PDI<\/a><\/p>\n\n\n\n<p><strong>Regulamento N\u00facleo de Apoio Psicopedag\u00f3gico \u2013 NAP<\/strong><br><a href=\"http:\/\/reges.com.br\/realeza\/regulamento_nap\/\" class=\"gdl-button shortcode-medium-button\" style=\"color:#COLOR_CODE; background-color:#81c73c; border-color:#7bbd39; \">VER REGULAMENTO<\/a><\/p>\n\n\n\n<p><strong>Regulamento do N\u00facleo de Acompanhamento ao Egresso &#8211; NAE<\/strong><br><a href=\"http:\/\/reges.com.br\/realeza\/regulamento_nae\/\" class=\"gdl-button shortcode-medium-button\" style=\"color:#COLOR_CODE; background-color:#81c73c; border-color:#7bbd39; \">VER REGULAMENTO<\/a><\/p>\n\n\n\n<p><strong>Regulamento da Biblioteca Liliana Gonzaga<\/strong><br><a href=\"http:\/\/reges.com.br\/realeza\/regulamento_biblioteca\/\" class=\"gdl-button shortcode-medium-button\" style=\"color:#COLOR_CODE; background-color:#81c73c; border-color:#7bbd39; \">VER REGULAMENTO<\/a><\/p>\n\n\n\n<p><strong>Regulamento das Atividades Complementares<\/strong><br><a href=\"http:\/\/reges.com.br\/realeza\/regulamento_atividades_complementares\/\" class=\"gdl-button shortcode-medium-button\" style=\"color:#COLOR_CODE; background-color:#81c73c; border-color:#7bbd39; \">VER REGULAMENTO<\/a><\/p>\n\n\n\n<p><strong>Regulamento das Atividades Pr\u00e1ticas<\/strong><br><a href=\"http:\/\/reges.com.br\/realeza\/regulamento_atividades_praticas\/\" class=\"gdl-button shortcode-medium-button\" style=\"color:#COLOR_CODE; background-color:#81c73c; border-color:#7bbd39; \">VER REGULAMENTO<\/a><\/p>\n\n\n\n<p><strong>Regulamento do Est\u00e1gio Supervisionado<\/strong><br><a href=\"http:\/\/reges.com.br\/realeza\/regulamento_estagio_supervisionado\/\" class=\"gdl-button shortcode-medium-button\" style=\"color:#COLOR_CODE; background-color:#81c73c; border-color:#7bbd39; \">VER REGULAMENTO<\/a><\/p>\n\n\n\n<p><strong>Regulamento do Laborat\u00f3rio de Inform\u00e1tica<\/strong><br><a href=\"http:\/\/reges.com.br\/realeza\/regulamento_laboratorio_informatica\/\" class=\"gdl-button shortcode-medium-button\" style=\"color:#COLOR_CODE; background-color:#81c73c; border-color:#7bbd39; \">VER REGULAMENTO<\/a><\/p>\n","protected":false},"excerpt":{"rendered":"<p>Regimento da Faculdade REGES de Realeza Plano de Desenvolvimento Institucional 2017 &#8211; 2021 Regulamento N\u00facleo de Apoio Psicopedag\u00f3gico \u2013 NAP Regulamento do N\u00facleo de Acompanhamento ao Egresso &#8211; NAE Regulamento da Biblioteca Liliana Gonzaga Regulamento das Atividades Complementares Regulamento das Atividades Pr\u00e1ticas Regulamento do Est\u00e1gio Supervisionado Regulamento do Laborat\u00f3rio de Inform\u00e1tica<\/p>\n","protected":false},"author":1,"featured_media":0,"parent":0,"menu_order":0,"comment_status":"closed","ping_status":"closed","template":"","meta":{"footnotes":""},"class_list":["post-3534","page","type-page","status-publish","hentry"],"_links":{"self":[{"href":"http:\/\/reges.com.br\/realeza\/wp-json\/wp\/v2\/pages\/3534","targetHints":{"allow":["GET"]}}],"collection":[{"href":"http:\/\/reges.com.br\/realeza\/wp-json\/wp\/v2\/pages"}],"about":[{"href":"http:\/\/reges.com.br\/realeza\/wp-json\/wp\/v2\/types\/page"}],"author":[{"embeddable":true,"href":"http:\/\/reges.com.br\/realeza\/wp-json\/wp\/v2\/users\/1"}],"replies":[{"embeddable":true,"href":"http:\/\/reges.com.br\/realeza\/wp-json\/wp\/v2\/comments?post=3534"}],"version-history":[{"count":17,"href":"http:\/\/reges.com.br\/realeza\/wp-json\/wp\/v2\/pages\/3534\/revisions"}],"predecessor-version":[{"id":3601,"href":"http:\/\/reges.com.br\/realeza\/wp-json\/wp\/v2\/pages\/3534\/revisions\/3601"}],"wp:attachment":[{"href":"http:\/\/reges.com.br\/realeza\/wp-json\/wp\/v2\/media?parent=3534"}],"curies":[{"name":"wp","href":"https:\/\/api.w.org\/{rel}","templated":true}]}}