{"id":3518,"date":"2023-05-08T09:54:45","date_gmt":"2023-05-08T12:54:45","guid":{"rendered":"http:\/\/reges.com.br\/realeza\/?page_id=3518"},"modified":"2023-05-08T10:52:45","modified_gmt":"2023-05-08T13:52:45","slug":"comissao-propria-de-avaliacao-cpa","status":"publish","type":"page","link":"http:\/\/reges.com.br\/realeza\/comissao-propria-de-avaliacao-cpa\/","title":{"rendered":"Comiss\u00e3o Pr\u00f3pria de Avalia\u00e7\u00e3o \u2013 CPA"},"content":{"rendered":"\n<p>COMISS\u00c3O PR\u00d3PRIA DE AVALIA\u00c7\u00c3O \u2013 CPA<br>A Comiss\u00e3o Pr\u00f3pria de Avalia\u00e7\u00e3o (CPA) \u00e9 um \u00f3rg\u00e3o independente da institui\u00e7\u00e3o que trabalha de forma volunt\u00e1ria e aut\u00f4noma. Foi criada pela lei n\u00ba 10.861\/ 2004, composta por representantes da comunidade acad\u00eamica, discente, docente e t\u00e9cnico-administrativo, e sociedade civil. A CPA \u00e9 respons\u00e1vel por planejar, coordenar e executar o processo de avalia\u00e7\u00e3o interna da institui\u00e7\u00e3o, a partir da coleta e an\u00e1lise de dados obtidos atrav\u00e9s da aplica\u00e7\u00e3o de question\u00e1rios institucionais, obtendo assim as informa\u00e7\u00f5es necess\u00e1rias para a solicita\u00e7\u00e3o de melhorias acad\u00eamicas.<\/p>\n\n\n\n<p>PROGRAMA DE AUTOAVALIA\u00c7\u00c3O INSTITUCIONAL:<br><a href=\"http:\/\/reges.com.br\/realeza\/wp-content\/uploads\/2023\/05\/ProgramaCPA.pdf\" class=\"gdl-button shortcode-medium-button\" style=\"color:#COLOR_CODE; background-color:#81c73c; border-color:#7bbd39; \">VER PROGRAMA<\/a><\/p>\n\n\n\n<p>REGULAMENTO DA COMISS\u00c3O PR\u00d3PRIA DE AVALIA\u00c7\u00c3O:<br><a href=\"http:\/\/reges.com.br\/realeza\/regulamento_cap\/\" class=\"gdl-button shortcode-medium-button\" style=\"color:#COLOR_CODE; background-color:#81c73c; border-color:#7bbd39; \">VER REGULAMENTO<\/a><\/p>\n\n\n\n<p>\u00daTIMOS RELAT\u00d3RIOS DA CPA:<\/p>\n\n\n\n<p><a href=\"http:\/\/reges.com.br\/realeza\/relatorio_cpa2022\/\" class=\"gdl-button shortcode-medium-button\" style=\"color:#COLOR_CODE; background-color:#81c73c; border-color:#7bbd39; \">2022<\/a> | <a href=\"http:\/\/reges.com.br\/realeza\/relatorio_cpa2021\/\" class=\"gdl-button shortcode-medium-button\" style=\"color:#COLOR_CODE; background-color:#81c73c; border-color:#7bbd39; \">2021<\/a> | <a href=\"http:\/\/reges.com.br\/realeza\/relatorio_cpa2020\/\" class=\"gdl-button shortcode-medium-button\" style=\"color:#COLOR_CODE; background-color:#81c73c; border-color:#7bbd39; \">2020<\/a> | <\/p>\n\n\n\n<div class=\"wpcf7 no-js\" id=\"wpcf7-f3520-o1\" lang=\"pt-BR\" dir=\"ltr\" data-wpcf7-id=\"3520\">\n<div class=\"screen-reader-response\"><p role=\"status\" aria-live=\"polite\" aria-atomic=\"true\"><\/p> <ul><\/ul><\/div>\n<form action=\"\/realeza\/wp-json\/wp\/v2\/pages\/3518#wpcf7-f3520-o1\" method=\"post\" class=\"wpcf7-form init\" aria-label=\"Formul\u00e1rios de contato\" novalidate=\"novalidate\" data-status=\"init\">\n<div style=\"display: none;\">\n<input type=\"hidden\" name=\"_wpcf7\" value=\"3520\" \/>\n<input type=\"hidden\" name=\"_wpcf7_version\" value=\"6.0.6\" \/>\n<input type=\"hidden\" name=\"_wpcf7_locale\" value=\"pt_BR\" \/>\n<input type=\"hidden\" name=\"_wpcf7_unit_tag\" value=\"wpcf7-f3520-o1\" \/>\n<input type=\"hidden\" name=\"_wpcf7_container_post\" value=\"0\" \/>\n<input type=\"hidden\" name=\"_wpcf7_posted_data_hash\" value=\"\" \/>\n<\/div>\n<p>Seu nome (obrigat\u00f3rio)\n<\/p>\n<p><span class=\"wpcf7-form-control-wrap\" data-name=\"your-name\"><input size=\"40\" maxlength=\"400\" class=\"wpcf7-form-control wpcf7-text wpcf7-validates-as-required\" aria-required=\"true\" aria-invalid=\"false\" value=\"\" type=\"text\" name=\"your-name\" \/><\/span>\n<\/p>\n<p>Seu e-mail (obrigat\u00f3rio)\n<\/p>\n<p><span class=\"wpcf7-form-control-wrap\" data-name=\"your-email\"><input size=\"40\" maxlength=\"400\" class=\"wpcf7-form-control wpcf7-email wpcf7-validates-as-required wpcf7-text wpcf7-validates-as-email\" aria-required=\"true\" aria-invalid=\"false\" value=\"\" type=\"email\" name=\"your-email\" \/><\/span>\n<\/p>\n<p>Assunto (obrigat\u00f3rio)\n<\/p>\n<p><span class=\"wpcf7-form-control-wrap\" data-name=\"your-subject\"><input size=\"40\" maxlength=\"400\" class=\"wpcf7-form-control wpcf7-text wpcf7-validates-as-required\" aria-required=\"true\" aria-invalid=\"false\" value=\"\" type=\"text\" name=\"your-subject\" \/><\/span>\n<\/p>\n<p>Sua mensagem\n<\/p>\n<p><span class=\"wpcf7-form-control-wrap\" data-name=\"your-message\"><textarea cols=\"40\" rows=\"10\" maxlength=\"2000\" class=\"wpcf7-form-control wpcf7-textarea\" aria-invalid=\"false\" name=\"your-message\"><\/textarea><\/span>\n<\/p>\n<p><input class=\"wpcf7-form-control wpcf7-submit has-spinner\" type=\"submit\" value=\"Enviar\" \/>\n<\/p><div class=\"wpcf7-response-output\" aria-hidden=\"true\"><\/div>\n<\/form>\n<\/div>\n\n","protected":false},"excerpt":{"rendered":"<p>COMISS\u00c3O PR\u00d3PRIA DE AVALIA\u00c7\u00c3O \u2013 CPAA Comiss\u00e3o Pr\u00f3pria de Avalia\u00e7\u00e3o (CPA) \u00e9 um \u00f3rg\u00e3o independente da institui\u00e7\u00e3o que trabalha de forma volunt\u00e1ria e aut\u00f4noma. Foi criada pela lei n\u00ba 10.861\/ 2004, composta por representantes da comunidade acad\u00eamica, discente, docente e t\u00e9cnico-administrativo, e sociedade civil. A CPA \u00e9 respons\u00e1vel por planejar, coordenar e executar o processo de avalia\u00e7\u00e3o interna da institui\u00e7\u00e3o, a partir da coleta e an\u00e1lise de dados obtidos atrav\u00e9s da aplica\u00e7\u00e3o de question\u00e1rios institucionais, obtendo assim as informa\u00e7\u00f5es necess\u00e1rias para a solicita\u00e7\u00e3o de melhorias acad\u00eamicas. PROGRAMA DE AUTOAVALIA\u00c7\u00c3O INSTITUCIONAL: REGULAMENTO DA COMISS\u00c3O PR\u00d3PRIA DE AVALIA\u00c7\u00c3O: \u00daTIMOS RELAT\u00d3RIOS DA CPA: | | |<\/p>\n","protected":false},"author":1,"featured_media":0,"parent":0,"menu_order":0,"comment_status":"closed","ping_status":"closed","template":"","meta":{"footnotes":""},"class_list":["post-3518","page","type-page","status-publish","hentry"],"_links":{"self":[{"href":"http:\/\/reges.com.br\/realeza\/wp-json\/wp\/v2\/pages\/3518","targetHints":{"allow":["GET"]}}],"collection":[{"href":"http:\/\/reges.com.br\/realeza\/wp-json\/wp\/v2\/pages"}],"about":[{"href":"http:\/\/reges.com.br\/realeza\/wp-json\/wp\/v2\/types\/page"}],"author":[{"embeddable":true,"href":"http:\/\/reges.com.br\/realeza\/wp-json\/wp\/v2\/users\/1"}],"replies":[{"embeddable":true,"href":"http:\/\/reges.com.br\/realeza\/wp-json\/wp\/v2\/comments?post=3518"}],"version-history":[{"count":11,"href":"http:\/\/reges.com.br\/realeza\/wp-json\/wp\/v2\/pages\/3518\/revisions"}],"predecessor-version":[{"id":3627,"href":"http:\/\/reges.com.br\/realeza\/wp-json\/wp\/v2\/pages\/3518\/revisions\/3627"}],"wp:attachment":[{"href":"http:\/\/reges.com.br\/realeza\/wp-json\/wp\/v2\/media?parent=3518"}],"curies":[{"name":"wp","href":"https:\/\/api.w.org\/{rel}","templated":true}]}}