{"id":3510,"date":"2023-05-08T09:42:39","date_gmt":"2023-05-08T12:42:39","guid":{"rendered":"http:\/\/reges.com.br\/realeza\/?page_id=3510"},"modified":"2023-05-08T10:53:59","modified_gmt":"2023-05-08T13:53:59","slug":"nap","status":"publish","type":"page","link":"http:\/\/reges.com.br\/realeza\/nap\/","title":{"rendered":"N\u00facleo de Apoio Psicopedag\u00f3gico &#8211; NAP"},"content":{"rendered":"\n<p>A Faculdade REGES de Realeza instituiu o servi\u00e7o de atendimento psicopedag\u00f3gico ao discente, denominado N\u00facleo de Apoio Psicopedag\u00f3gico (NAP), para atender, mediar e solucionar situa\u00e7\u00f5es que possam surgir no decorrer da vida acad\u00eamica do corpo discente.<\/p>\n\n\n\n<p>O NAP tem por objetivo oferecer acompanhamento psicopedag\u00f3gico aos discentes e subs\u00eddios para melhoria do desempenho de estudantes que apresentem dificuldades, assim como adotar e implementar medidas que assegurem a acessibilidade plena, notadamente nas searas atitudinal e educacional e no atendimento a estudantes portadores da s\u00edndrome do espectro autista ou de outras necessidades educacionais especiais.<\/p>\n\n\n\n<p>Contribui para o desenvolvimento da capacidade de aprendizagem em geral, recuperando as motiva\u00e7\u00f5es, promovendo a integridade psicol\u00f3gica dos estudantes e a plena acessibilidade nas esferas atitudinal e educacional, realizando a orienta\u00e7\u00e3o e os servi\u00e7os de aconselhamento e assegurando sua adapta\u00e7\u00e3o, especialmente, dos ingressantes.<\/p>\n\n\n\n<p>O atendimento \u00e9 caracterizado por orienta\u00e7\u00f5es individuais a estudantes encaminhados pelos professores, Coordenadores de Curso ou \u00e0queles que procurarem o servi\u00e7o espontaneamente e pela implementa\u00e7\u00e3o de condi\u00e7\u00f5es de acessibilidade educacional e atitudinal.<\/p>\n\n\n<a href=\"http:\/\/reges.com.br\/realeza\/regulamento_nap\/\" class=\"gdl-button shortcode-medium-button\" style=\"color:#COLOR_CODE; background-color:#81c73c; border-color:#7bbd39; \">VER REGULAMENTO<\/a>\n\n\n\n<div class=\"wpcf7 no-js\" id=\"wpcf7-f3512-o1\" lang=\"pt-BR\" dir=\"ltr\" data-wpcf7-id=\"3512\">\n<div class=\"screen-reader-response\"><p role=\"status\" aria-live=\"polite\" aria-atomic=\"true\"><\/p> <ul><\/ul><\/div>\n<form action=\"\/realeza\/wp-json\/wp\/v2\/pages\/3510#wpcf7-f3512-o1\" method=\"post\" class=\"wpcf7-form init\" aria-label=\"Formul\u00e1rios de contato\" novalidate=\"novalidate\" data-status=\"init\">\n<div style=\"display: none;\">\n<input type=\"hidden\" name=\"_wpcf7\" value=\"3512\" \/>\n<input type=\"hidden\" name=\"_wpcf7_version\" value=\"6.0.6\" \/>\n<input type=\"hidden\" name=\"_wpcf7_locale\" value=\"pt_BR\" \/>\n<input type=\"hidden\" name=\"_wpcf7_unit_tag\" value=\"wpcf7-f3512-o1\" \/>\n<input type=\"hidden\" name=\"_wpcf7_container_post\" value=\"0\" \/>\n<input type=\"hidden\" name=\"_wpcf7_posted_data_hash\" value=\"\" \/>\n<\/div>\n<p>Seu nome (obrigat\u00f3rio)\n<\/p>\n<p><span class=\"wpcf7-form-control-wrap\" data-name=\"your-name\"><input size=\"40\" maxlength=\"400\" class=\"wpcf7-form-control wpcf7-text wpcf7-validates-as-required\" aria-required=\"true\" aria-invalid=\"false\" value=\"\" type=\"text\" name=\"your-name\" \/><\/span>\n<\/p>\n<p>Seu e-mail (obrigat\u00f3rio)\n<\/p>\n<p><span class=\"wpcf7-form-control-wrap\" data-name=\"your-email\"><input size=\"40\" maxlength=\"400\" class=\"wpcf7-form-control wpcf7-email wpcf7-validates-as-required wpcf7-text wpcf7-validates-as-email\" aria-required=\"true\" aria-invalid=\"false\" value=\"\" type=\"email\" name=\"your-email\" \/><\/span>\n<\/p>\n<p>Assunto (obrigat\u00f3rio)\n<\/p>\n<p><span class=\"wpcf7-form-control-wrap\" data-name=\"your-subject\"><input size=\"40\" maxlength=\"400\" class=\"wpcf7-form-control wpcf7-text wpcf7-validates-as-required\" aria-required=\"true\" aria-invalid=\"false\" value=\"\" type=\"text\" name=\"your-subject\" \/><\/span>\n<\/p>\n<p>Sua mensagem\n<\/p>\n<p><span class=\"wpcf7-form-control-wrap\" data-name=\"your-message\"><textarea cols=\"40\" rows=\"10\" maxlength=\"2000\" class=\"wpcf7-form-control wpcf7-textarea\" aria-invalid=\"false\" name=\"your-message\"><\/textarea><\/span>\n<\/p>\n<p><input class=\"wpcf7-form-control wpcf7-submit has-spinner\" type=\"submit\" value=\"Enviar\" \/>\n<\/p><div class=\"wpcf7-response-output\" aria-hidden=\"true\"><\/div>\n<\/form>\n<\/div>\n\n\n\n\n<p><strong>ATENDIMENTO<\/strong><\/p>\n\n\n\n<p>Hor\u00e1rio de atendimento presencial:<br>Ter\u00e7as e quintas, das 19h \u00e0s 20h30<\/p>\n","protected":false},"excerpt":{"rendered":"<p>A Faculdade REGES de Realeza instituiu o servi\u00e7o de atendimento psicopedag\u00f3gico ao discente, denominado N\u00facleo de Apoio Psicopedag\u00f3gico (NAP), para atender, mediar e solucionar situa\u00e7\u00f5es que possam surgir no decorrer da vida acad\u00eamica do corpo discente. O NAP tem por objetivo oferecer acompanhamento psicopedag\u00f3gico aos discentes e subs\u00eddios para melhoria do desempenho de estudantes que apresentem dificuldades, assim como adotar e implementar medidas que assegurem a acessibilidade plena, notadamente nas searas atitudinal e educacional e no atendimento a estudantes portadores da s\u00edndrome do espectro autista ou de outras necessidades educacionais especiais. Contribui para o desenvolvimento da capacidade de aprendizagem em geral, recuperando as motiva\u00e7\u00f5es, promovendo a integridade psicol\u00f3gica dos estudantes e a plena acessibilidade nas esferas atitudinal e educacional, realizando a orienta\u00e7\u00e3o e os servi\u00e7os de aconselhamento e assegurando sua adapta\u00e7\u00e3o, especialmente, dos ingressantes. O atendimento \u00e9 caracterizado por orienta\u00e7\u00f5es individuais a estudantes encaminhados pelos professores, Coordenadores de Curso ou \u00e0queles que procurarem o servi\u00e7o espontaneamente e pela implementa\u00e7\u00e3o de condi\u00e7\u00f5es de acessibilidade educacional e atitudinal. ATENDIMENTO Hor\u00e1rio de atendimento presencial:Ter\u00e7as e quintas, das 19h \u00e0s 20h30<\/p>\n","protected":false},"author":1,"featured_media":0,"parent":0,"menu_order":0,"comment_status":"closed","ping_status":"closed","template":"","meta":{"footnotes":""},"class_list":["post-3510","page","type-page","status-publish","hentry"],"_links":{"self":[{"href":"http:\/\/reges.com.br\/realeza\/wp-json\/wp\/v2\/pages\/3510","targetHints":{"allow":["GET"]}}],"collection":[{"href":"http:\/\/reges.com.br\/realeza\/wp-json\/wp\/v2\/pages"}],"about":[{"href":"http:\/\/reges.com.br\/realeza\/wp-json\/wp\/v2\/types\/page"}],"author":[{"embeddable":true,"href":"http:\/\/reges.com.br\/realeza\/wp-json\/wp\/v2\/users\/1"}],"replies":[{"embeddable":true,"href":"http:\/\/reges.com.br\/realeza\/wp-json\/wp\/v2\/comments?post=3510"}],"version-history":[{"count":3,"href":"http:\/\/reges.com.br\/realeza\/wp-json\/wp\/v2\/pages\/3510\/revisions"}],"predecessor-version":[{"id":3628,"href":"http:\/\/reges.com.br\/realeza\/wp-json\/wp\/v2\/pages\/3510\/revisions\/3628"}],"wp:attachment":[{"href":"http:\/\/reges.com.br\/realeza\/wp-json\/wp\/v2\/media?parent=3510"}],"curies":[{"name":"wp","href":"https:\/\/api.w.org\/{rel}","templated":true}]}}