{"id":2208,"date":"2018-10-01T14:31:06","date_gmt":"2018-10-01T17:31:06","guid":{"rendered":"http:\/\/reges.com.br\/realeza\/?page_id=2208"},"modified":"2020-10-23T17:48:19","modified_gmt":"2020-10-23T20:48:19","slug":"ouvidoria","status":"publish","type":"page","link":"http:\/\/reges.com.br\/realeza\/ouvidoria\/","title":{"rendered":"Ouvidoria"},"content":{"rendered":"<p><strong>Fale com a OUVIDORIA DA FACULDADE REGES DE REALEZA<\/strong><\/p>\n<p>A Ouvidoria tem como objetivo disponibilizar mais um servi\u00e7o para estreitar a rela\u00e7\u00e3o da FACULDADE REGES DE REALEZA com seus discentes, funcion\u00e1rios, colaboradores e comunidade em geral para que possam sugerir, criticar ou elogiar a\u00e7\u00f5es da Faculdade.<\/p>\n<p>Mediante a atua\u00e7\u00e3o da Ouvidoria, a FACULDADE REGES DE REALEZA pode buscar cada vez mais, com transpar\u00eancia, fortalecer a qualidade dos seus servi\u00e7os.<\/p>\n<p>A Ouvidoria da Institui\u00e7\u00e3o tem o compromisso de valorizar, sobretudo o respeito ao ser humano.<\/p>\n<p>&nbsp;<\/p>\n\n<div class=\"wpcf7 no-js\" id=\"wpcf7-f2211-o1\" lang=\"en-US\" dir=\"ltr\" data-wpcf7-id=\"2211\">\n<div class=\"screen-reader-response\"><p role=\"status\" aria-live=\"polite\" aria-atomic=\"true\"><\/p> <ul><\/ul><\/div>\n<form action=\"\/realeza\/wp-json\/wp\/v2\/pages\/2208#wpcf7-f2211-o1\" method=\"post\" class=\"wpcf7-form init\" aria-label=\"Contact form\" novalidate=\"novalidate\" data-status=\"init\">\n<div style=\"display: none;\">\n<input type=\"hidden\" name=\"_wpcf7\" value=\"2211\" \/>\n<input type=\"hidden\" name=\"_wpcf7_version\" value=\"6.0.6\" \/>\n<input type=\"hidden\" name=\"_wpcf7_locale\" value=\"en_US\" \/>\n<input type=\"hidden\" name=\"_wpcf7_unit_tag\" value=\"wpcf7-f2211-o1\" \/>\n<input type=\"hidden\" name=\"_wpcf7_container_post\" value=\"0\" \/>\n<input type=\"hidden\" name=\"_wpcf7_posted_data_hash\" value=\"\" \/>\n<\/div>\n<p>Seu nome (obrigat\u00f3rio)\n<\/p>\n<p><span class=\"wpcf7-form-control-wrap\" data-name=\"your-name\"><input size=\"40\" maxlength=\"400\" class=\"wpcf7-form-control wpcf7-text wpcf7-validates-as-required\" aria-required=\"true\" aria-invalid=\"false\" value=\"\" type=\"text\" name=\"your-name\" \/><\/span>\n<\/p>\n<p>Seu e-mail (obrigat\u00f3rio)\n<\/p>\n<p><span class=\"wpcf7-form-control-wrap\" data-name=\"your-email\"><input size=\"40\" maxlength=\"400\" class=\"wpcf7-form-control wpcf7-email wpcf7-validates-as-required wpcf7-text wpcf7-validates-as-email\" aria-required=\"true\" aria-invalid=\"false\" value=\"\" type=\"email\" name=\"your-email\" \/><\/span>\n<\/p>\n<p>Assunto (obrigat\u00f3rio)\n<\/p>\n<p><span class=\"wpcf7-form-control-wrap\" data-name=\"your-subject\"><input size=\"40\" maxlength=\"400\" class=\"wpcf7-form-control wpcf7-text wpcf7-validates-as-required\" aria-required=\"true\" aria-invalid=\"false\" value=\"\" type=\"text\" name=\"your-subject\" \/><\/span>\n<\/p>\n<p>Sua mensagem\n<\/p>\n<p><span class=\"wpcf7-form-control-wrap\" data-name=\"your-message\"><textarea cols=\"40\" rows=\"10\" maxlength=\"2000\" class=\"wpcf7-form-control wpcf7-textarea\" aria-invalid=\"false\" name=\"your-message\"><\/textarea><\/span>\n<\/p>\n<p><input class=\"wpcf7-form-control wpcf7-submit has-spinner\" type=\"submit\" value=\"Enviar\" \/>\n<\/p><div class=\"wpcf7-response-output\" aria-hidden=\"true\"><\/div>\n<\/form>\n<\/div>\n\n<p>&nbsp;<\/p>\n<p>Rede Gonzaga de Ensino Superior<\/p>\n<p>Rodovia PR 281, km 02 &#8211; Caixa Postal 11 &#8211; CEP 85.770-000 &#8211; Realeza PR<br \/>\nFone:\u00a0(46) 3543-4444<\/p>\n","protected":false},"excerpt":{"rendered":"<p>Fale com a OUVIDORIA DA FACULDADE REGES DE REALEZA A Ouvidoria tem como objetivo disponibilizar mais um servi\u00e7o para estreitar a rela\u00e7\u00e3o da FACULDADE REGES DE REALEZA com seus discentes, funcion\u00e1rios, colaboradores e comunidade em geral para que possam sugerir, criticar ou elogiar a\u00e7\u00f5es da Faculdade. Mediante a atua\u00e7\u00e3o da Ouvidoria, a FACULDADE REGES DE REALEZA pode buscar cada vez mais, com transpar\u00eancia, fortalecer a qualidade dos seus servi\u00e7os. A Ouvidoria da Institui\u00e7\u00e3o tem o compromisso de valorizar, sobretudo o respeito ao ser humano. &nbsp; &nbsp; Rede Gonzaga de Ensino Superior Rodovia PR 281, km 02 &#8211; Caixa Postal 11 &#8211; CEP 85.770-000 &#8211; Realeza PR Fone:\u00a0(46) 3543-4444<\/p>\n","protected":false},"author":1,"featured_media":0,"parent":0,"menu_order":0,"comment_status":"closed","ping_status":"closed","template":"","meta":{"footnotes":""},"class_list":["post-2208","page","type-page","status-publish","hentry"],"_links":{"self":[{"href":"http:\/\/reges.com.br\/realeza\/wp-json\/wp\/v2\/pages\/2208","targetHints":{"allow":["GET"]}}],"collection":[{"href":"http:\/\/reges.com.br\/realeza\/wp-json\/wp\/v2\/pages"}],"about":[{"href":"http:\/\/reges.com.br\/realeza\/wp-json\/wp\/v2\/types\/page"}],"author":[{"embeddable":true,"href":"http:\/\/reges.com.br\/realeza\/wp-json\/wp\/v2\/users\/1"}],"replies":[{"embeddable":true,"href":"http:\/\/reges.com.br\/realeza\/wp-json\/wp\/v2\/comments?post=2208"}],"version-history":[{"count":7,"href":"http:\/\/reges.com.br\/realeza\/wp-json\/wp\/v2\/pages\/2208\/revisions"}],"predecessor-version":[{"id":2722,"href":"http:\/\/reges.com.br\/realeza\/wp-json\/wp\/v2\/pages\/2208\/revisions\/2722"}],"wp:attachment":[{"href":"http:\/\/reges.com.br\/realeza\/wp-json\/wp\/v2\/media?parent=2208"}],"curies":[{"name":"wp","href":"https:\/\/api.w.org\/{rel}","templated":true}]}}