{"id":1654,"date":"2016-01-13T10:28:44","date_gmt":"2016-01-13T13:28:44","guid":{"rendered":"http:\/\/reges.com.br\/realeza\/?page_id=1654"},"modified":"2016-02-11T15:06:22","modified_gmt":"2016-02-11T18:06:22","slug":"grade-e-corpo-docente","status":"publish","type":"page","link":"http:\/\/reges.com.br\/realeza\/grade-e-corpo-docente\/","title":{"rendered":"Grade e Corpo Docente"},"content":{"rendered":"<ul class='gdl-toggle-box'>\r\n<li><h2 class='toggle-box-head title-color gdl-title'><span class='toggle-box-head-image active'><\/span>ADMINISTRA\u00c7\u00c3O<\/h2><div class='toggle-box-content active'><p><a href=\"#\" rel=\"\">Corpo Docente<\/a><\/p>\n<p><a href=\"http:\/\/reges.com.br\/realeza\/wp-content\/uploads\/2016\/01\/1-Grade-Curricular-Ingressantes-2013.pdf\" rel=\"\">Grade Curricular &#8211; Ingressantes\u00a02013<\/a><\/p>\n<p><a href=\"http:\/\/reges.com.br\/realeza\/wp-content\/uploads\/2016\/01\/2-Grade-Curricular-Ingressantes-2014.pdf\" rel=\"\">Grade Curricular &#8211; Ingressantes\u00a02014<\/a><\/p>\n<p><a href=\"http:\/\/reges.com.br\/realeza\/wp-content\/uploads\/2016\/01\/3-Grade-Curricular-Ingressantes-2015.pdf\" rel=\"\">Grade Curricular &#8211; Ingressantes\u00a02015<\/a><\/p>\n<p><a href=\"http:\/\/reges.com.br\/realeza\/wp-content\/uploads\/2016\/01\/4-Grade-Curricular-Ingressantes-2016.pdf\" rel=\"\">Grade Curricular &#8211; Ingressantes\u00a02016<\/a><\/p>\n<\/div><\/li>\r\n\r\n<li><h2 class='toggle-box-head title-color gdl-title'><span class='toggle-box-head-image active'><\/span>CI\u00caNCIAS CONT\u00c1BEIS<\/h2><div class='toggle-box-content active'><p><a href=\"#\" rel=\"\">Corpo Docente<\/a><\/p>\n<p><a href=\"http:\/\/reges.com.br\/realeza\/wp-content\/uploads\/2016\/01\/Grade-Curricular-Ingressantes-2013.pdf\" rel=\"\">Grade Curricular &#8211; Ingressantes\u00a02013<\/a><\/p>\n<p><a href=\"http:\/\/reges.com.br\/realeza\/wp-content\/uploads\/2016\/01\/Grade-Curricular-Ingressantes-2014.pdf\" rel=\"\">Grade Curricular &#8211; Ingressantes\u00a02014<\/a><\/p>\n<p><a href=\"http:\/\/reges.com.br\/realeza\/wp-content\/uploads\/2016\/01\/Grade-Curricular-Ingressantes-2015.pdf\" rel=\"\">Grade Curricular &#8211; Ingressantes\u00a02015<\/a><\/p>\n<p><a href=\"http:\/\/reges.com.br\/realeza\/wp-content\/uploads\/2016\/01\/Grade-Curricular-Ingressantes-2016.pdf\" rel=\"\">Grade Curricular &#8211; Ingressantes\u00a02016<\/a><\/p>\n<\/div><\/li>\r\n\r\n<\/ul>\n<p>\u00daltima atualiza\u00e7\u00e3o: 13\/01\/2016<\/p>\n","protected":false},"excerpt":{"rendered":"<p>\u00daltima atualiza\u00e7\u00e3o: 13\/01\/2016<\/p>\n","protected":false},"author":1,"featured_media":0,"parent":0,"menu_order":0,"comment_status":"closed","ping_status":"closed","template":"","meta":{"footnotes":""},"class_list":["post-1654","page","type-page","status-publish","hentry"],"_links":{"self":[{"href":"http:\/\/reges.com.br\/realeza\/wp-json\/wp\/v2\/pages\/1654","targetHints":{"allow":["GET"]}}],"collection":[{"href":"http:\/\/reges.com.br\/realeza\/wp-json\/wp\/v2\/pages"}],"about":[{"href":"http:\/\/reges.com.br\/realeza\/wp-json\/wp\/v2\/types\/page"}],"author":[{"embeddable":true,"href":"http:\/\/reges.com.br\/realeza\/wp-json\/wp\/v2\/users\/1"}],"replies":[{"embeddable":true,"href":"http:\/\/reges.com.br\/realeza\/wp-json\/wp\/v2\/comments?post=1654"}],"version-history":[{"count":2,"href":"http:\/\/reges.com.br\/realeza\/wp-json\/wp\/v2\/pages\/1654\/revisions"}],"predecessor-version":[{"id":1700,"href":"http:\/\/reges.com.br\/realeza\/wp-json\/wp\/v2\/pages\/1654\/revisions\/1700"}],"wp:attachment":[{"href":"http:\/\/reges.com.br\/realeza\/wp-json\/wp\/v2\/media?parent=1654"}],"curies":[{"name":"wp","href":"https:\/\/api.w.org\/{rel}","templated":true}]}}